{"id":143,"date":"2016-09-24T01:55:05","date_gmt":"2016-09-24T01:55:05","guid":{"rendered":"http:\/\/sw-themes.com\/porto_dummy\/?page_id=143"},"modified":"2022-07-03T07:51:57","modified_gmt":"2022-07-03T07:51:57","slug":"home","status":"publish","type":"page","link":"https:\/\/www.mersindiyaliz.com.tr\/en\/","title":{"rendered":"HOME"},"content":{"rendered":"<div class=\"vc_row wpb_row top-row medical-schedules porto-inner-container\"><div class=\"porto-wrap-container container\"><div class=\"row align-items-center vc_column-gap-1\"><div class=\"vc_column_container col-md-12\"><div class=\"wpb_wrapper vc_column-inner\"><div class=\"vc_empty_space\"   style=\"height: 32px\"><span class=\"vc_empty_space_inner\"><\/span><\/div><\/div><\/div><div class=\"box-one background-color-primary vc_column_container col-md-12 col-lg-3 d-none d-md-block\" data-appear-animation=\"fadeInLeft\"><div class=\"wpb_wrapper vc_column-inner\"><div class=\"porto-feature-box wpb_content_element  p-4 mb-0\"><div class=\"feature-box feature-box-style-2\"><div class=\"feature-box-icon\"><i class=\"icon-image\" style=\"font-size:14px\"><img decoding=\"async\" alt=\"\" src=\"\/\/www.mersindiyaliz.com.tr\/wp-content\/uploads\/2022\/06\/cukurova-diyaliz.png\"><\/i><\/div><div class=\"feature-box-info\"><h4 style=\"font-size: 18px\" class=\"vc_custom_heading m-n font-weight-normal align-left\">\u00d6zel Mersin<br \/>\nDialysis Center<\/h4><\/div><\/div><\/div><\/div><\/div><div class=\"box-two background-color-tertiary vc_column_container col-md-12 col-lg-3 d-none d-md-block\" data-appear-animation=\"fadeInLeft\" data-appear-animation-delay=\"600\"><div class=\"wpb_wrapper vc_column-inner\">\n\t<div class=\"wpb_text_column wpb_content_element  m-b-none\" >\n\t\t<div class=\"wpb_wrapper\">\n\t\t\t<h5 class=\"m-n text-uppercase\"><a title=\"\" href=\"#tedaviler\">Treatments<i class=\"Simple-Line-Icons-arrow-right-circle\"><\/i><\/a><\/h5>\n\n\t\t<\/div>\n\t<\/div>\n<\/div><\/div><div class=\"box-three background-color-primary vc_column_container col-md-12 col-lg-3 d-none d-md-block\" data-appear-animation=\"fadeInLeft\" data-appear-animation-delay=\"1200\"><div class=\"wpb_wrapper vc_column-inner\">\n\t<div class=\"wpb_raw_code wpb_content_element wpb_raw_html m-b-none\" >\n\t\t<div class=\"wpb_wrapper\">\n\t\t\t<div class=\"expanded-info background-color-primary\">\n    <div class=\"info custom-info\">\n        <span>Ptesi-Ctesi<\/span>\n        <span>07:00 - 17:00<\/span>\n    <\/div>\n    <div class=\"info custom-info\">\n        <span>Pazar<\/span>\n        <span>Kapal\u0131<\/span>\n    <\/div>\n<\/div>\n<h5 class=\"m-n text-uppercase\">\n    Working Hours\n    <i class=\"Simple-Line-Icons-arrow-right-circle\"><\/i>\n<\/h5>\n\t\t<\/div>\n\t<\/div>\n<\/div><\/div><div class=\"box-four background-color-secondary vc_column_container col-md-12 col-lg-3 d-none d-md-block\" data-appear-animation=\"fadeInLeft\" data-appear-animation-delay=\"1800\"><div class=\"wpb_wrapper vc_column-inner\"><div class=\"porto-feature-box wpb_content_element  m-b-none\"><div class=\"feature-box feature-box-style-2\"><div class=\"feature-box-icon\"><i class=\"Simple-Line-Icons-call-out\" style=\"font-size:28px\"><\/i><\/div><div class=\"feature-box-info\">\n\t<div class=\"wpb_text_column wpb_content_element\" >\n\t\t<div class=\"wpb_wrapper\">\n\t\t\t<p><label class=\"font-weight-light\">Contact Phone<\/label><strong class=\"font-weight-normal\">(0324) 322 00 99<\/strong><\/p>\n\n\t\t<\/div>\n\t<\/div>\n<\/div><\/div><\/div><\/div><\/div><\/div><\/div><\/div><div class=\"vc_row wpb_row top-row section section-parallax mt-0 mb-0 section-no-borders porto-inner-container\"><div class=\"porto-wrap-container container\"><div class=\"row\"><div class=\"vc_column_container col-md-8 col-lg-8\"><div class=\"wpb_wrapper vc_column-inner\"><h2  class=\"vc_custom_heading m-t-md m-b-xs align-left\">About Us<\/h2>\n\t<div class=\"wpb_text_column wpb_content_element  lead\" >\n\t\t<div class=\"wpb_wrapper\">\n\t\t\t<p>Diyaliz merkezimiz 2002 tarihinde 31 adet Hemodiyaliz makine ve hasta yata\u011f\u0131 ile hemodiyaliz hastalar\u0131na hizmet verebilecek kapasite ile Mersin ili Toroslar il\u00e7esinde, tecr\u00fcbeli ve deneyimli hemodiyaliz hekimleri, diyaliz hem\u015fireleri ve di\u011fer sa\u011fl\u0131k \u00e7al\u0131\u015fanlar\u0131m\u0131z ile faaliyete ge\u00e7mi\u015ftir.<\/p>\n<p>Kuruldu\u011fu g\u00fcnden bu yana bilimsel ve teknolojik geli\u015fmeleri yak\u0131ndan takip ederek hastalar\u0131m\u0131z\u0131n daha kaliteli bir ya\u015fam s\u00fcrmelerini ama\u00e7layan merkezimiz, ayn\u0131 zamanda sa\u011fl\u0131klar\u0131 ile beraber ya\u015fama sevin\u00e7lerini de kaybeden diyaliz hastalar\u0131m\u0131z\u0131 yeniden hayata ba\u011flamay\u0131 ilke edinmi\u015ftir. Bu anlamda nas\u0131l en iyi olunur \u00e7abas\u0131n\u0131 veren kurumumuz \u00f6rnek bir hizmet \u00fcretmenin gururunu ta\u015f\u0131maktad\u0131r.<\/p>\n\n\t\t<\/div>\n\t<\/div>\n<div class=\"vc_btn3-container  font-weight-bold text-uppercase custom-button vc_btn3-inline\" >\n\t<a class=\"vc_btn3 vc_btn3-shape-round wpb_custom_4eba9bcc8f6c36e45e1d476fc3d9024c btn btn-borders btn-md btn-quaternary\" href=\"https:\/\/www.mersindiyaliz.com.tr\/en\/hakkimizda\/\" title=\"\">Devam\u0131..<\/a>\t<\/div>\n<\/div><\/div><div class=\"vc_column_container col-md-4 col-lg-4\"><div class=\"wpb_wrapper vc_column-inner\">\n\t<div class=\"wpb_single_image wpb_content_element vc_align_center   box-shadow-custom inline-block m-t-md m-b-md\">\n\t\t<div class=\"wpb_wrapper\">\n\t\t\t\n\t\t\t<div class=\"vc_single_image-wrapper   vc_box_border_grey\"><img loading=\"lazy\" decoding=\"async\" width=\"700\" height=\"611\" src=\"https:\/\/www.mersindiyaliz.com.tr\/wp-content\/uploads\/2022\/06\/hakkimizda-banner-1.jpg\" class=\"vc_single_image-img attachment-full\" alt=\"\" srcset=\"https:\/\/www.mersindiyaliz.com.tr\/wp-content\/uploads\/2022\/06\/hakkimizda-banner-1.jpg 700w, https:\/\/www.mersindiyaliz.com.tr\/wp-content\/uploads\/2022\/06\/hakkimizda-banner-1-640x559.jpg 640w, https:\/\/www.mersindiyaliz.com.tr\/wp-content\/uploads\/2022\/06\/hakkimizda-banner-1-400x349.jpg 400w\" sizes=\"auto, (max-width: 700px) 100vw, 700px\" \/><\/div>\n\t\t<\/div>\n\t<\/div>\n<\/div><\/div><\/div><\/div><\/div><div id=\"tedaviler\" class=\"vc_row wpb_row top-row section section-default mt-0 mb-0 section-no-borders porto-inner-container\"><div class=\"porto-wrap-container container\"><div class=\"row\"><div class=\"vc_column_container col-md-12\"><div class=\"wpb_wrapper vc_column-inner\"><h2  class=\"vc_custom_heading m-b-xs m-t-md align-left\">Treatments<\/h2>\n\t<div class=\"wpb_text_column wpb_content_element  lead m-b-xl\" >\n\t\t<div class=\"wpb_wrapper\">\n\t\t\t<div class=\"parallax_txt1\">Hasta memnuniyeti odakl\u0131, kalite standartlar\u0131na uyumlu, do\u011fru ve g\u00fcvenilir hizmet.<\/div>\n\n\t\t<\/div>\n\t<\/div>\n<div class=\"vc_row wpb_row vc_inner row\"><div class=\"vc_column_container col-md-4\"><div class=\"wpb_wrapper vc_column-inner\"><div class=\"porto-feature-box wpb_content_element\" data-appear-animation=\"fadeInUp\"><div class=\"feature-box feature-box-style-2\"><div class=\"feature-box-icon\"><i class=\"icon-image\" style=\"font-size:14px\"><img decoding=\"async\" alt=\"\" src=\"\/\/www.mersindiyaliz.com.tr\/wp-content\/uploads\/2022\/06\/bobrek_yetmezligi.png\"><\/i><\/div><div class=\"feature-box-info\"><h4  class=\"vc_custom_heading font-weight-semibold align-left heading-primary\"><a href=\"https:\/\/www.mersindiyaliz.com.tr\/en\/bobrek-yetmezligi-ve-belirtileri\/\">Kidney Failure and Its Symptoms<\/a><\/h4>\n\t<div class=\"wpb_text_column wpb_content_element  mb-0\" >\n\t\t<div class=\"wpb_wrapper\">\n\t\t\t<p style=\"text-align: justify;\">Chronic kidney failure (CKD) or chronic kidney disease (CKD) is the kidney's loss of function over time. <a href=\"https:\/\/www.mersindiyaliz.com.tr\/en\/bobrek-yetmezligi-ve-belirtileri\/\">Read More\u2026&gt;&gt;<\/a><\/p>\n\n\t\t<\/div>\n\t<\/div>\n<\/div><\/div><\/div><\/div><\/div><div class=\"vc_column_container col-md-4\"><div class=\"wpb_wrapper vc_column-inner\"><div class=\"porto-feature-box wpb_content_element\" data-appear-animation=\"fadeInUp\"><div class=\"feature-box feature-box-style-2\"><div class=\"feature-box-icon\"><i class=\"icon-image\" style=\"font-size:14px\"><img decoding=\"async\" alt=\"\" src=\"\/\/www.mersindiyaliz.com.tr\/wp-content\/uploads\/2022\/06\/diyaliz-nedir1.png\"><\/i><\/div><div class=\"feature-box-info\"><h4  class=\"vc_custom_heading font-weight-semibold align-left heading-primary\"><a href=\"https:\/\/www.mersindiyaliz.com.tr\/en\/diyaliz-nedir\/\">What is Dialysis?<\/a><\/h4>\n\t<div class=\"wpb_text_column wpb_content_element  mb-0\" >\n\t\t<div class=\"wpb_wrapper\">\n\t\t\t<p style=\"text-align: justify;\">B\u00f6brek fonksiyonlar\u0131 bozuk olan ki\u015filerin v\u00fccutta birikmi\u015f fazla s\u0131v\u0131 ve at\u0131k maddelerinin yar\u0131 ge\u00e7irgen bir zar arac\u0131l\u0131\u011f\u0131 ile temizleme i\u015flemine denir. \u00a0<a href=\"https:\/\/www.mersindiyaliz.com.tr\/en\/diyaliz-nedir\/\">Read More\u2026&gt;&gt;<\/a><\/p>\n\n\t\t<\/div>\n\t<\/div>\n<\/div><\/div><\/div><\/div><\/div><div class=\"vc_column_container col-md-4\"><div class=\"wpb_wrapper vc_column-inner\"><div class=\"porto-feature-box wpb_content_element\" data-appear-animation=\"fadeInUp\"><div class=\"feature-box feature-box-style-2\"><div class=\"feature-box-icon\"><i class=\"icon-image\" style=\"font-size:14px\"><img decoding=\"async\" alt=\"\" src=\"\/\/www.mersindiyaliz.com.tr\/wp-content\/uploads\/2022\/06\/hemodiyaliz.png\"><\/i><\/div><div class=\"feature-box-info\"><h4  class=\"vc_custom_heading font-weight-semibold align-left heading-primary\"><a href=\"https:\/\/www.mersindiyaliz.com.tr\/en\/hemodiyaliz\/\">Hemodialysis<\/a><\/h4>\n\t<div class=\"wpb_text_column wpb_content_element  mb-0\" >\n\t\t<div class=\"wpb_wrapper\">\n\t\t\t<p>It is the process of cleaning the blood outside the body through a machine and semi-permeable membrane and giving it back to the body. <a href=\"https:\/\/www.mersindiyaliz.com.tr\/en\/hemodiyaliz\/\">Read More\u2026&gt;&gt;<\/a><\/p>\n\n\t\t<\/div>\n\t<\/div>\n<\/div><\/div><\/div><\/div><\/div><\/div><div class=\"vc_row wpb_row vc_inner row\"><div class=\"vc_column_container col-md-4\"><div class=\"wpb_wrapper vc_column-inner\"><div class=\"porto-feature-box wpb_content_element\" data-appear-animation=\"fadeInUp\"><div class=\"feature-box feature-box-style-2\"><div class=\"feature-box-icon\"><i class=\"icon-image\" style=\"font-size:14px\"><img decoding=\"async\" alt=\"\" src=\"\/\/www.mersindiyaliz.com.tr\/wp-content\/uploads\/2022\/06\/beslenme.png\"><\/i><\/div><div class=\"feature-box-info\"><h4  class=\"vc_custom_heading font-weight-semibold align-left heading-primary\"><a href=\"https:\/\/www.mersindiyaliz.com.tr\/en\/kbh-ve-beslenme\/\">CKD and Nutrition<\/a><\/h4>\n\t<div class=\"wpb_text_column wpb_content_element  mb-0\" >\n\t\t<div class=\"wpb_wrapper\">\n\t\t\t<p>Conscious dietary practices in CKD minimize the problems that may arise. <a href=\"https:\/\/www.mersindiyaliz.com.tr\/en\/kbh-ve-beslenme\/\">Read More\u2026&gt;&gt;<\/a><\/p>\n\n\t\t<\/div>\n\t<\/div>\n<\/div><\/div><\/div><\/div><\/div><div class=\"vc_column_container col-md-4\"><div class=\"wpb_wrapper vc_column-inner\"><div class=\"porto-feature-box wpb_content_element\" data-appear-animation=\"fadeInUp\"><div class=\"feature-box feature-box-style-2\"><div class=\"feature-box-icon\"><i class=\"icon-image\" style=\"font-size:14px\"><img decoding=\"async\" alt=\"\" src=\"\/\/www.mersindiyaliz.com.tr\/wp-content\/uploads\/2022\/06\/damar-erisim-yolu.png\"><\/i><\/div><div class=\"feature-box-info\"><h4  class=\"vc_custom_heading font-weight-semibold align-left heading-primary\"><a href=\"https:\/\/www.mersindiyaliz.com.tr\/en\/damar-erisim-yolu\/\">Vascular Access<\/a><\/h4>\n\t<div class=\"wpb_text_column wpb_content_element  mb-0\" >\n\t\t<div class=\"wpb_wrapper\">\n\t\t\t<p>Hemodiyaliz tedavisi i\u00e7in ilk \u00f6nce bir damar eri\u015fim yoluna ihtiya\u00e7 vard\u0131r. <a href=\"https:\/\/www.mersindiyaliz.com.tr\/en\/damar-erisim-yolu\/\">Read More\u2026&gt;&gt;<\/a><\/p>\n\n\t\t<\/div>\n\t<\/div>\n<\/div><\/div><\/div><\/div><\/div><div class=\"vc_column_container col-md-4\"><div class=\"wpb_wrapper vc_column-inner\"><div class=\"porto-feature-box wpb_content_element\" data-appear-animation=\"fadeInUp\"><div class=\"feature-box feature-box-style-2\"><div class=\"feature-box-icon\"><i class=\"icon-image\" style=\"font-size:14px\"><img decoding=\"async\" alt=\"\" src=\"\/\/www.mersindiyaliz.com.tr\/wp-content\/uploads\/2022\/06\/diyaliz_nedir.png\"><\/i><\/div><div class=\"feature-box-info\"><h4  class=\"vc_custom_heading font-weight-semibold align-left heading-primary\"><a href=\"https:\/\/www.mersindiyaliz.com.tr\/en\/fistul-ve-katater-bakimi\/\">Fistula and Catheter Care<\/a><\/h4>\n\t<div class=\"wpb_text_column wpb_content_element  mb-0\" >\n\t\t<div class=\"wpb_wrapper\">\n\t\t\t<p>Procedures that will reduce blood pressure in the arm with fistula should be avoided. \u00a0<a href=\"https:\/\/www.mersindiyaliz.com.tr\/en\/fistul-ve-katater-bakimi\/\">Read More\u2026&gt;&gt;<\/a><\/p>\n\n\t\t<\/div>\n\t<\/div>\n<\/div><\/div><\/div><\/div><\/div><\/div><\/div><\/div><\/div><\/div><\/div><div class=\"vc_row wpb_row top-row section section-parallax mt-0 mb-0 pb-0 section-no-borders porto-inner-container\"><div class=\"porto-wrap-container container\"><div class=\"row\"><div class=\"vc_column_container col-md-12\"><div class=\"wpb_wrapper vc_column-inner\"><h2  class=\"vc_custom_heading m-b-xs m-t-md align-left\">Social Media<\/h2><\/div><\/div><div class=\"vc_column_container col-md-12\"><div class=\"wpb_wrapper vc_column-inner\">\n\t<div class=\"wpb_text_column wpb_content_element\" >\n\t\t<div class=\"wpb_wrapper\">\n\t\t\t\n<div id=\"sb_instagram\"  class=\"sbi sbi_mob_col_1 sbi_tab_col_2 sbi_col_4 sbi_width_resp\" style=\"padding-bottom: 10px;\" data-feedid=\"sbi_#20\"  data-res=\"auto\" data-cols=\"4\" data-colsmobile=\"1\" data-colstablet=\"2\" data-num=\"20\" data-nummobile=\"20\" data-header-size=\"medium\" data-shortcode-atts=\"{}\"  data-postid=\"143\" data-locatornonce=\"b5287678a8\" data-options=\"{&quot;grid&quot;:true,&quot;lightboxcomments&quot;:20,&quot;colsmobile&quot;:1,&quot;colstablet&quot;:2}\" data-sbi-flags=\"favorLocal\">\n\n\n    <div id=\"sbi_images\" style=\"padding: 5px;\">\n\t\t    <\/div>\n\n\t<div id=\"sbi_load\" >\n\n\t\n\t\n<\/div>\n\t    <span class=\"sbi_resized_image_data\" data-feed-id=\"sbi_#20\" data-resized=\"[]\">\n\t<\/span>\n\t        <div id=\"sbi_mod_error\">\n            <span>This error message is only visible to WordPress admins<\/span><br \/>\n        <div><strong>Error: Invalid Feed ID.<\/strong><\/div>        <\/div>\n        \n<\/div>\n\n\n\n\t\t<\/div>\n\t<\/div>\n<\/div><\/div><\/div><\/div><\/div>","protected":false},"excerpt":{"rendered":"\u00d6zel Mersin Diyaliz Merkezi TEDAV\u0130LER Ptesi-Ctesi 07:00 - 17:00 Pazar Kapal\u0131 \u00c7al\u0131\u015fma Saatlerimiz \u0130leti\u015fim Telefon(0324) 322 00 99 Hakk\u0131m\u0131zda Diyaliz merkezimiz 2002 tarihinde 31 adet Hemodiyaliz makine ve hasta yata\u011f\u0131 ile hemodiyaliz hastalar\u0131na hizmet verebilecek kapasite ile Mersin ili Toroslar il\u00e7esinde, tecr\u00fcbeli ve deneyimli hemodiyaliz hekimleri, diyaliz hem\u015fireleri ve di\u011fer sa\u011fl\u0131k \u00e7al\u0131\u015fanlar\u0131m\u0131z ile faaliyete ge\u00e7mi\u015ftir. [...]","protected":false},"author":1,"featured_media":0,"parent":0,"menu_order":0,"comment_status":"closed","ping_status":"closed","template":"","meta":{"footnotes":""},"class_list":["post-143","page","type-page","status-publish","hentry"],"_links":{"self":[{"href":"https:\/\/www.mersindiyaliz.com.tr\/en\/wp-json\/wp\/v2\/pages\/143","targetHints":{"allow":["GET"]}}],"collection":[{"href":"https:\/\/www.mersindiyaliz.com.tr\/en\/wp-json\/wp\/v2\/pages"}],"about":[{"href":"https:\/\/www.mersindiyaliz.com.tr\/en\/wp-json\/wp\/v2\/types\/page"}],"author":[{"embeddable":true,"href":"https:\/\/www.mersindiyaliz.com.tr\/en\/wp-json\/wp\/v2\/users\/1"}],"replies":[{"embeddable":true,"href":"https:\/\/www.mersindiyaliz.com.tr\/en\/wp-json\/wp\/v2\/comments?post=143"}],"version-history":[{"count":33,"href":"https:\/\/www.mersindiyaliz.com.tr\/en\/wp-json\/wp\/v2\/pages\/143\/revisions"}],"predecessor-version":[{"id":491,"href":"https:\/\/www.mersindiyaliz.com.tr\/en\/wp-json\/wp\/v2\/pages\/143\/revisions\/491"}],"wp:attachment":[{"href":"https:\/\/www.mersindiyaliz.com.tr\/en\/wp-json\/wp\/v2\/media?parent=143"}],"curies":[{"name":"wp","href":"https:\/\/api.w.org\/{rel}","templated":true}]}}