{"id":19,"date":"2016-09-26T02:12:09","date_gmt":"2016-09-26T02:12:09","guid":{"rendered":"http:\/\/sw-themes.com\/porto_dummy\/?page_id=19"},"modified":"2022-06-23T07:22:48","modified_gmt":"2022-06-23T07:22:48","slug":"kariyer","status":"publish","type":"page","link":"https:\/\/www.mersindiyaliz.com.tr\/en\/kariyer\/","title":{"rendered":"HR"},"content":{"rendered":"<div class=\"vc_row wpb_row row top-row\"><div class=\"vc_column_container col-md-6\"><div class=\"wpb_wrapper vc_column-inner\"><h2  class=\"vc_custom_heading m-b-xs align-left\">HUMAN RESOURCES POLICY<\/h2>\n\t<div class=\"wpb_text_column wpb_content_element\" >\n\t\t<div class=\"wpb_wrapper\">\n\t\t\t<p>G\u00fcncellenecektir.<\/p>\n\n\t\t<\/div>\n\t<\/div>\n<\/div><\/div><div class=\"vc_column_container col-md-6\"><div class=\"wpb_wrapper vc_column-inner\"><h2  class=\"vc_custom_heading m-b-xs align-left\">JOB APPLICATION FORM<\/h2>\n\t<div class=\"wpb_text_column wpb_content_element\" >\n\t\t<div class=\"wpb_wrapper\">\n\t\t\t<div id=\"quform-b322d1\" class=\"quform quform-2 quform-theme-react quform-support-page-caching\"><form id=\"quform-form-b322d1\" class=\"quform-form quform-form-2\" action=\"\/en\/wp-json\/wp\/v2\/pages\/19#quform-b322d1\" method=\"post\" enctype=\"multipart\/form-data\" novalidate=\"novalidate\" data-options=\"{&quot;id&quot;:2,&quot;uniqueId&quot;:&quot;b322d1&quot;,&quot;theme&quot;:&quot;react&quot;,&quot;ajax&quot;:true,&quot;logic&quot;:{&quot;logic&quot;:[],&quot;dependents&quot;:[],&quot;elementIds&quot;:[],&quot;dependentElementIds&quot;:[],&quot;animate&quot;:true},&quot;currentPageId&quot;:1,&quot;errorsIcon&quot;:&quot;&quot;,&quot;updateFancybox&quot;:true,&quot;hasPages&quot;:false,&quot;pages&quot;:[1],&quot;pageProgressType&quot;:&quot;numbers&quot;,&quot;tooltipsEnabled&quot;:true,&quot;tooltipClasses&quot;:&quot;qtip-quform-dark qtip-shadow&quot;,&quot;tooltipMy&quot;:&quot;left center&quot;,&quot;tooltipAt&quot;:&quot;right center&quot;,&quot;isRtl&quot;:false,&quot;scrollOffset&quot;:-50,&quot;scrollSpeed&quot;:800}\" data-trp-original-action=\"\/en\/wp-json\/wp\/v2\/pages\/19#quform-b322d1\"><button class=\"quform-default-submit\" name=\"quform_submit\" type=\"submit\" value=\"submit\" aria-hidden=\"true\" tabindex=\"-1\"><\/button><div class=\"quform-form-inner quform-form-inner-2\"><input type=\"hidden\" name=\"quform_form_id\" value=\"2\" \/><input type=\"hidden\" name=\"quform_form_uid\" value=\"b322d1\" \/><input type=\"hidden\" name=\"quform_count\" value=\"1\" \/><input type=\"hidden\" name=\"form_url\" value=\"https:\/\/www.mersindiyaliz.com.tr\/en\/wp-json\/wp\/v2\/pages\/19\" \/><input type=\"hidden\" name=\"referring_url\" value=\"\" \/><input type=\"hidden\" name=\"post_id\" value=\"\" \/><input type=\"hidden\" name=\"post_title\" value=\"\" \/><input type=\"hidden\" name=\"quform_current_page_id\" value=\"1\" \/><input type=\"hidden\" name=\"quform_csrf_token\" value=\"1wbganaxS1XjlOXgCHb0mwvhMOQWja5dtLyNvtBw\" \/><div class=\"quform-elements quform-elements-2 quform-cf quform-responsive-elements-phone-landscape\"><div class=\"quform-element quform-element-page quform-page-1 quform-page-2_1 quform-cf quform-group-style-plain quform-first-page quform-last-page quform-current-page\"><div class=\"quform-child-elements\"><div class=\"quform-element quform-element-row quform-element-row-2_3 quform-2-columns quform-element-row-size-fixed quform-responsive-columns-phone-landscape\"><div class=\"quform-element quform-element-column quform-element-2_4\"><div class=\"quform-element quform-element-text quform-element-2_6 quform-cf quform-element-required\"><div class=\"quform-spacer\"><div class=\"quform-label quform-label-2_6\"><label class=\"quform-label-text\" for=\"quform_2_6_b322d1\">Name - Surname<span class=\"quform-required\">*<\/span><\/label><\/div><div class=\"quform-inner quform-inner-text quform-inner-2_6\"><div class=\"quform-input quform-input-text quform-input-2_6 quform-cf\"><input type=\"text\" id=\"quform_2_6_b322d1\" name=\"quform_2_6\" class=\"quform-field quform-field-text quform-field-2_6\" \/><\/div><\/div><\/div><\/div><\/div><div class=\"quform-element quform-element-column quform-element-2_5\"><div class=\"quform-element quform-element-email quform-element-2_7 quform-cf quform-element-required\"><div class=\"quform-spacer\"><div class=\"quform-label quform-label-2_7\"><label class=\"quform-label-text\" for=\"quform_2_7_b322d1\">E-posta Adresiniz<span class=\"quform-required\">*<\/span><\/label><\/div><div class=\"quform-inner quform-inner-email quform-inner-2_7\"><div class=\"quform-input quform-input-email quform-input-2_7 quform-cf\"><input type=\"email\" id=\"quform_2_7_b322d1\" name=\"quform_2_7\" class=\"quform-field quform-field-email quform-field-2_7\" \/><\/div><\/div><\/div><\/div><\/div><\/div><div class=\"quform-element quform-element-row quform-element-row-2_8 quform-2-columns quform-element-row-size-fixed quform-responsive-columns-phone-landscape\"><div class=\"quform-element quform-element-column quform-element-2_9\"><div class=\"quform-element quform-element-text quform-element-2_11 quform-cf quform-element-required\"><div class=\"quform-spacer\"><div class=\"quform-label quform-label-2_11\"><label class=\"quform-label-text\" for=\"quform_2_11_b322d1\">Phone Number<span class=\"quform-required\">*<\/span><\/label><\/div><div class=\"quform-inner quform-inner-text quform-inner-2_11\"><div class=\"quform-input quform-input-text quform-input-2_11 quform-cf\"><input type=\"text\" id=\"quform_2_11_b322d1\" name=\"quform_2_11\" class=\"quform-field quform-field-text quform-field-2_11\" \/><\/div><\/div><\/div><\/div><\/div><div class=\"quform-element quform-element-column quform-element-2_10\"><div class=\"quform-element quform-element-select quform-element-2_15 quform-cf quform-element-optional\"><div class=\"quform-spacer\"><div class=\"quform-label quform-label-2_15\"><label class=\"quform-label-text\" for=\"quform_2_15_b322d1\">\u00c7al\u0131\u015fmak \u0130stedi\u011finiz B\u00f6l\u00fcm<\/label><\/div><div class=\"quform-inner quform-inner-select quform-inner-2_15\"><div class=\"quform-input quform-input-select quform-input-2_15 quform-cf\"><select id=\"quform_2_15_b322d1\" name=\"quform_2_15\" class=\"quform-field quform-field-select quform-field-2_15\"><option value=\"\" selected=\"selected\">Please select<\/option><option value=\"Yard\u0131mc\u0131 Personel\">Yard\u0131mc\u0131 Personel<\/option><option value=\"\u015eof\u00f6r\">\u015eof\u00f6r<\/option><option value=\"Hem\u015fire\">Hem\u015fire<\/option><\/select><\/div><\/div><\/div><\/div><\/div><\/div><div class=\"quform-element quform-element-file quform-element-2_13 quform-cf quform-element-optional\"><div class=\"quform-spacer\"><div class=\"quform-label quform-label-2_13\"><label class=\"quform-label-text\" for=\"quform_2_13_b322d1\">Kendi CV'nizi y\u00fckleyin.<\/label><\/div><div class=\"quform-inner quform-inner-file quform-inner-2_13\"><div class=\"quform-input quform-input-file quform-input-2_13 quform-cf quform-button-style-classic quform-button-size-medium\"><input type=\"file\" id=\"quform_2_13_b322d1\" name=\"quform_2_13[]\" class=\"quform-field quform-field-file quform-field-2_13 quform-field-file-enhanced\" data-config=\"{&quot;id&quot;:13,&quot;identifier&quot;:&quot;2_13&quot;,&quot;name&quot;:&quot;quform_2_13&quot;,&quot;max&quot;:1,&quot;size&quot;:10485760,&quot;allowedExtensions&quot;:[&quot;doc&quot;,&quot;docx&quot;,&quot;pdf&quot;,&quot;xls&quot;,&quot;jpg&quot;],&quot;notAllowedTypeWithFilename&quot;:&quot;File type of &#039;%filename%&#039; is not allowed&quot;,&quot;tooBigWithFilename&quot;:&quot;File &#039;%filename%&#039; exceeds the maximum allowed file size&quot;,&quot;tooMany&quot;:&quot;You cannot upload more than %max% file(s)&quot;,&quot;buttonType&quot;:&quot;button&quot;,&quot;buttonText&quot;:&quot;Dosya Y\\u00fckle&quot;,&quot;buttonIcon&quot;:&quot;qicon-file_upload&quot;,&quot;buttonIconPosition&quot;:&quot;right&quot;}\" \/><\/div><p class=\"quform-description quform-description-below\">(Yaln\u0131zca .doc \/ .docx \/ .pdf \/ .xls \/ .jpg)<\/p><\/div><\/div><\/div><div class=\"quform-element quform-element-captcha quform-element-2_14 quform-cf quform-element-required\"><div class=\"quform-spacer\"><div class=\"quform-label quform-label-2_14\"><label class=\"quform-label-text\" for=\"quform_2_14_b322d1\">L\u00fctfen karakterleri yaz\u0131n<span class=\"quform-required\">*<\/span><\/label><\/div><div class=\"quform-inner quform-inner-captcha quform-inner-2_14\"><div class=\"quform-input quform-input-captcha quform-input-2_14 quform-cf\"><input type=\"text\" id=\"quform_2_14_b322d1\" name=\"quform_2_14\" class=\"quform-field quform-field-captcha quform-field-2_14\" \/><\/div><div class=\"quform-captcha quform-cf\"><div class=\"quform-captcha-image quform-captcha-image-2_14\"><img loading=\"lazy\" decoding=\"async\" src=\"data:image\/png;base64,iVBORw0KGgoAAAANSUhEUgAAAOYAAABQBAMAAAD\/1xTgAAAAG1BMVEX\/\/\/8iIiLHx8eQkJB0dHSsrKw9PT1ZWVnj4+N7eCpEAAAACXBIWXMAAA7EAAAOxAGVKw4bAAAD80lEQVRoge1XS1fTQBQe0qZk6aVtwrItoiyptMKygIrLKnpk2fheEoviMi0P+dnex0weVZpIPdXFfOdomsmd+e77DkpZWFhYWFhYWFj8h3CO+60lU94HxMFSKavA+F5G1tsN\/a+LU3qRcPqtsrJvF+as4SnjXgjwuUAwVuqFqFdCu\/noAjxXyg0hyK7eKDVFEjXt64WrCIJjoYTTBSk9gDo9rwGGstDZ2uxFMHIh6O98k1VP\/dB0X2\/eAKyR3EZ\/666cFa22AzDiha4cXl9NjHJ2wy\/6hdTb5\/89SoGz4Z04V014Qljnpz69UdM\/0OAUAxSYcBQcfg\/cj2d\/bi8eLT9EfdY\/x3k6kbTem0ainuzQcizll6qzFCspZ0Pby1iraM7tickb7ZKqPDYfk50rouCdOSVxH7Dm5y3Ve4I\/DvvK9Q\/BuHMbH67JtggaJ5USnJ3ZBXROrO3z9RKe01TC0VT6G6eqpJsnYaXA+rFqo4Lzu0QFGjOpVtUnOJAUKB7q608j44N1MeyeaCDLaPAA\/wWxN9dMCnm+Xzq63FZTTqTgiE3El4r6D8t05aE1IB2a3UTmVnDRNeLsUsS7qJMmnG1x4gvjdlyoC7V+aJdf02nNAkrlPeOS8zKstHG8E+mCN5qRJWk7XJFfE0mWtpF0SzZfatPr+8FesuCEpuATjV3OxDSFSAl61CTONWhsPGGto+LJIBtwVJJpianSSn2dm4yQvIopdE+\/V5LKjJUeuKfazjLdD+U6njQWWdhsPeS3JEkV99xtqtyB8YWcLZX5ih1DwphrpexEGwa67mOxMlDO65dxJWXgjB1RFFpmQT6irge9LQnE0CRkGc4u5kcXkujva\/dcZ7OhSqGMMhNVlyRZ2KStZyeoAebYZTnnTqBOZn7SdoYJd2Zmo0GBly0DLkmXk34tgjHveEDGm2k0H3Ll+qCuTvhVW1OFTApxQm6kKcQluTEU74wc0tU7OmKd2vnrxS3whNIAD\/qCSRLl+wl2hW8zAYY61XDwVBZ4hh1uq4viPoS4zHci2vzpHCCvby0NOKlJVzQIuhA8MgIyw+qrAVobqwLQ8AkyUp5pCbmLFXcYM2e0BvXKy\/wxeJDM1oKR7YbZwwiXQlnPy+WW2vT2vpUTmPaOQmi2f7c3LxdT3IKZHnlBaryL86KUL0lGop3jPKM5rxIWtHm8PYbk2Gj2gtp5\/cs1ipw2MC\/enD+hpsdHHwe3fpW+EbTQVcU15Zo+tSA47uMhzYVi4ft3vLvO4rE4\/yqZxcvABaZQ47pRqo7\/GrxdvsJkxtYyMG0Rp\/+oWPJvQprAYLmkbrR07yJeLd1OhLOzdEoLCwsLCwsLi3+FnzzCqwm9s8h2AAAAAElFTkSuQmCC\" alt=\"CAPTCHA image\" data-element-id=\"14\" width=\"115\" height=\"40\" \/><\/div><\/div><p class=\"quform-description quform-description-below\">Bu spam \u00f6nlememize yard\u0131mc\u0131 olur, te\u015fekk\u00fcrler.<\/p><\/div><\/div><\/div><div class=\"quform-element quform-element-submit quform-element-2_2 quform-cf quform-button-style-classic quform-button-size-medium\"><div class=\"quform-button-submit quform-button-submit-default quform-button-submit-2_2\" data-animation=\"one\"><button name=\"quform_submit\" type=\"submit\" class=\"quform-submit\" value=\"submit\"><span class=\"quform-button-text quform-button-submit-text\">Send<\/span><\/button><\/div><div class=\"quform-loading quform-loading-position-left quform-loading-type-spinner-1\"><div class=\"quform-loading-inner\"><div class=\"quform-loading-spinner\"><div class=\"quform-loading-spinner-inner\"><\/div><\/div><\/div><\/div><\/div><div class=\"quform-element-tree\"><label for=\"quform_2_0_b322d1\">This field should be left blank<\/label><input type=\"text\" id=\"quform_2_0_b322d1\" name=\"quform_2_0\" class=\"quform-field quform-field-tree quform-field-2_0\" tabindex=\"-1\" autocomplete=\"off\" \/><\/div><\/div><\/div><\/div><div class=\"quform-upload-progress-wrap\"><div class=\"quform-upload-progress-bar-wrap\"><div class=\"quform-upload-progress-bar\"><\/div><\/div><div class=\"quform-upload-info quform-cf\"><div class=\"quform-upload-filename\"><\/div><\/div><\/div><\/div><input type=\"hidden\" name=\"trp-form-language\" value=\"en\"\/><\/form><\/div>\n\n\t\t<\/div>\n\t<\/div>\n<\/div><\/div><\/div>","protected":false},"excerpt":{"rendered":"\u0130nsan Kaynaklar\u0131 Politikam\u0131z G\u00fcncellenecektir. \u0130\u015f Ba\u015fvuru Formu Ad\u0131n\u0131z Soyad\u0131n\u0131z*E-posta Adresiniz*Telefon Numaran\u0131z*\u00c7al\u0131\u015fmak \u0130stedi\u011finiz B\u00f6l\u00fcmPlease selectYard\u0131mc\u0131 Personel\u015eof\u00f6rHem\u015fireKendi CV'nizi y\u00fckleyin.(Yaln\u0131zca .doc \/ .docx \/ .pdf \/ .xls \/ .jpg)L\u00fctfen karakterleri yaz\u0131n*Bu spam \u00f6nlememize yard\u0131mc\u0131 olur, te\u015fekk\u00fcrler.SendThis field should be left blank","protected":false},"author":1,"featured_media":0,"parent":0,"menu_order":0,"comment_status":"closed","ping_status":"closed","template":"","meta":{"footnotes":""},"class_list":["post-19","page","type-page","status-publish","hentry"],"_links":{"self":[{"href":"https:\/\/www.mersindiyaliz.com.tr\/en\/wp-json\/wp\/v2\/pages\/19","targetHints":{"allow":["GET"]}}],"collection":[{"href":"https:\/\/www.mersindiyaliz.com.tr\/en\/wp-json\/wp\/v2\/pages"}],"about":[{"href":"https:\/\/www.mersindiyaliz.com.tr\/en\/wp-json\/wp\/v2\/types\/page"}],"author":[{"embeddable":true,"href":"https:\/\/www.mersindiyaliz.com.tr\/en\/wp-json\/wp\/v2\/users\/1"}],"replies":[{"embeddable":true,"href":"https:\/\/www.mersindiyaliz.com.tr\/en\/wp-json\/wp\/v2\/comments?post=19"}],"version-history":[{"count":5,"href":"https:\/\/www.mersindiyaliz.com.tr\/en\/wp-json\/wp\/v2\/pages\/19\/revisions"}],"predecessor-version":[{"id":309,"href":"https:\/\/www.mersindiyaliz.com.tr\/en\/wp-json\/wp\/v2\/pages\/19\/revisions\/309"}],"wp:attachment":[{"href":"https:\/\/www.mersindiyaliz.com.tr\/en\/wp-json\/wp\/v2\/media?parent=19"}],"curies":[{"name":"wp","href":"https:\/\/api.w.org\/{rel}","templated":true}]}}