{"id":21,"date":"2016-09-26T02:13:04","date_gmt":"2016-09-26T02:13:04","guid":{"rendered":"http:\/\/sw-themes.com\/porto_dummy\/?page_id=21"},"modified":"2022-06-27T17:05:04","modified_gmt":"2022-06-27T17:05:04","slug":"bobrek-yetmezligi-ve-belirtileri","status":"publish","type":"page","link":"https:\/\/www.mersindiyaliz.com.tr\/en\/bobrek-yetmezligi-ve-belirtileri\/","title":{"rendered":"Kidney Failure and Its Symptoms"},"content":{"rendered":"<div class=\"vc_row wpb_row row top-row\"><div class=\"vc_column_container col-md-6\"><div class=\"wpb_wrapper vc_column-inner\"><h2  class=\"vc_custom_heading m-b-md align-left\">Kidney Failure and Its Symptoms<\/h2>\n\t<div class=\"wpb_text_column wpb_content_element\" >\n\t\t<div class=\"wpb_wrapper\">\n\t\t\t<p>Chronic kidney failure (CKD) or chronic kidney disease (CKD) is the kidney's loss of function over time.<\/p>\n<p>CKD is usually in the early stage, progresses silently and may cause no symptoms. Symptoms usually occur in advanced stages when kidney functions begin to be lost.<\/p>\n<p>Dialysis emerged as a life-saving treatment when diet and medical treatment did not yield results in the last stages of CKD.<\/p>\n\n\t\t<\/div>\n\t<\/div>\n<\/div><\/div><div class=\"vc_column_container col-md-6\"><div class=\"wpb_wrapper vc_column-inner\"><div class=\"vc_empty_space\"   style=\"height: 32px\"><span class=\"vc_empty_space_inner\"><\/span><\/div>\n\t<div class=\"wpb_single_image wpb_content_element vc_align_left\">\n\t\t<div class=\"wpb_wrapper\">\n\t\t\t\n\t\t\t<div class=\"vc_single_image-wrapper   vc_box_border_grey\"><img loading=\"lazy\" decoding=\"async\" width=\"600\" height=\"400\" src=\"https:\/\/www.mersindiyaliz.com.tr\/wp-content\/uploads\/2022\/06\/bobrek-yetmezligi-belirtileri.jpg\" class=\"vc_single_image-img attachment-full\" alt=\"\" srcset=\"https:\/\/www.mersindiyaliz.com.tr\/wp-content\/uploads\/2022\/06\/bobrek-yetmezligi-belirtileri.jpg 600w, https:\/\/www.mersindiyaliz.com.tr\/wp-content\/uploads\/2022\/06\/bobrek-yetmezligi-belirtileri-400x267.jpg 400w\" sizes=\"auto, (max-width: 600px) 100vw, 600px\" \/><\/div>\n\t\t<\/div>\n\t<\/div>\n<\/div><\/div><\/div><div class=\"vc_row wpb_row row top-row\"><div class=\"vc_column_container col-md-12\"><div class=\"wpb_wrapper vc_column-inner\"><h4  class=\"vc_custom_heading m-b-md align-left\">CKD Symptoms are generally as follows;<\/h4>\n\t<div class=\"wpb_text_column wpb_content_element\" >\n\t\t<div class=\"wpb_wrapper\">\n\t\t\t<ul>\n<li>Fatigue, weakness<\/li>\n<li>Nausea, vomiting<\/li>\n<li>Concentration disorder<\/li>\n<li>Swelling in certain areas due to excess fluid retention in the body. These can be feet and ankles, hands, face area.<\/li>\n<li>Loss of appetite<\/li>\n<li>Sleep problems, muscle cramps at night<\/li>\n<li>Itching and dryness of the skin<\/li>\n<li>Chest pain (due to pericarditis)<\/li>\n<li>Respiratory distress (due to AC edema)<\/li>\n<li>Hypertension<\/li>\n<li>Headache<\/li>\n<li>Sexual dysfunctions<\/li>\n<\/ul>\n\n\t\t<\/div>\n\t<\/div>\n<\/div><\/div><\/div>","protected":false},"excerpt":{"rendered":"B\u00f6brek Yetmezli\u011fi ve Belirtileri Kronik b\u00f6brek yetmezli\u011fi (KBY) veya kronik b\u00f6brek hastal\u0131\u011f\u0131 (KBH) b\u00f6bre\u011fin zaman i\u00e7inde fonksiyonlar\u0131n\u0131 kaybetmesidir. KBH genellikle erken evrede, sessiz \u015fekilde ilerler ve hi\u00e7bir belirti vermeyebilir. Belirtiler genellikle b\u00f6breklerin fonksiyonlar\u0131n\u0131n kaybedilmeye ba\u015flad\u0131\u011f\u0131 ileri evrelerde ortaya \u00e7\u0131kmaktad\u0131r. KBY\u2019 de en son a\u015famaya gelmi\u015f a\u015famalarda diyet ve t\u0131bbi tedavi sonu\u00e7 vermedi\u011finde ya\u015fam kurtar\u0131c\u0131 bir [...]","protected":false},"author":1,"featured_media":0,"parent":0,"menu_order":0,"comment_status":"closed","ping_status":"closed","template":"","meta":{"footnotes":""},"class_list":["post-21","page","type-page","status-publish","hentry"],"_links":{"self":[{"href":"https:\/\/www.mersindiyaliz.com.tr\/en\/wp-json\/wp\/v2\/pages\/21","targetHints":{"allow":["GET"]}}],"collection":[{"href":"https:\/\/www.mersindiyaliz.com.tr\/en\/wp-json\/wp\/v2\/pages"}],"about":[{"href":"https:\/\/www.mersindiyaliz.com.tr\/en\/wp-json\/wp\/v2\/types\/page"}],"author":[{"embeddable":true,"href":"https:\/\/www.mersindiyaliz.com.tr\/en\/wp-json\/wp\/v2\/users\/1"}],"replies":[{"embeddable":true,"href":"https:\/\/www.mersindiyaliz.com.tr\/en\/wp-json\/wp\/v2\/comments?post=21"}],"version-history":[{"count":5,"href":"https:\/\/www.mersindiyaliz.com.tr\/en\/wp-json\/wp\/v2\/pages\/21\/revisions"}],"predecessor-version":[{"id":378,"href":"https:\/\/www.mersindiyaliz.com.tr\/en\/wp-json\/wp\/v2\/pages\/21\/revisions\/378"}],"wp:attachment":[{"href":"https:\/\/www.mersindiyaliz.com.tr\/en\/wp-json\/wp\/v2\/media?parent=21"}],"curies":[{"name":"wp","href":"https:\/\/api.w.org\/{rel}","templated":true}]}}