{"id":22,"date":"2016-09-26T02:13:23","date_gmt":"2016-09-26T02:13:23","guid":{"rendered":"http:\/\/sw-themes.com\/porto_dummy\/?page_id=22"},"modified":"2022-06-27T17:05:31","modified_gmt":"2022-06-27T17:05:31","slug":"diyaliz-nedir","status":"publish","type":"page","link":"https:\/\/www.mersindiyaliz.com.tr\/en\/diyaliz-nedir\/","title":{"rendered":"What is Dialysis?"},"content":{"rendered":"<div class=\"vc_row wpb_row row top-row\"><div class=\"vc_column_container col-md-12\"><div class=\"wpb_wrapper vc_column-inner\"><h2  class=\"vc_custom_heading m-b-md align-left\">What is Dialysis?<\/h2><\/div><\/div><\/div><div class=\"vc_row wpb_row row top-row\"><div class=\"vc_column_container col-md-6\"><div class=\"wpb_wrapper vc_column-inner\">\n\t<div class=\"wpb_text_column wpb_content_element\" >\n\t\t<div class=\"wpb_wrapper\">\n\t\t\t<p>It is the process of cleaning the excess fluid and waste materials accumulated in the body of people with impaired kidney function through a semipermeable membrane. Dialysis is divided into two;<\/p>\n<ol>\n<li>Hemodialysis<\/li>\n<li>Peritoneal dialysis<\/li>\n<\/ol>\n\n\t\t<\/div>\n\t<\/div>\n<\/div><\/div><div class=\"vc_column_container col-md-6\"><div class=\"wpb_wrapper vc_column-inner\">\n\t<div class=\"wpb_single_image wpb_content_element vc_align_left\">\n\t\t<div class=\"wpb_wrapper\">\n\t\t\t\n\t\t\t<div class=\"vc_single_image-wrapper   vc_box_border_grey\"><img loading=\"lazy\" decoding=\"async\" width=\"800\" height=\"533\" src=\"https:\/\/www.mersindiyaliz.com.tr\/wp-content\/uploads\/2022\/06\/diyaliz_nedir.jpg\" class=\"vc_single_image-img attachment-full\" alt=\"\" srcset=\"https:\/\/www.mersindiyaliz.com.tr\/wp-content\/uploads\/2022\/06\/diyaliz_nedir.jpg 800w, https:\/\/www.mersindiyaliz.com.tr\/wp-content\/uploads\/2022\/06\/diyaliz_nedir-768x512.jpg 768w, https:\/\/www.mersindiyaliz.com.tr\/wp-content\/uploads\/2022\/06\/diyaliz_nedir-640x426.jpg 640w, https:\/\/www.mersindiyaliz.com.tr\/wp-content\/uploads\/2022\/06\/diyaliz_nedir-400x267.jpg 400w\" sizes=\"auto, (max-width: 800px) 100vw, 800px\" \/><\/div>\n\t\t<\/div>\n\t<\/div>\n<\/div><\/div><\/div>","protected":false},"excerpt":{"rendered":"Diyaliz Nedir? B\u00f6brek fonksiyonlar\u0131 bozuk olan ki\u015filerin v\u00fccutta birikmi\u015f fazla s\u0131v\u0131 ve at\u0131k maddelerinin yar\u0131 ge\u00e7irgen bir zar arac\u0131l\u0131\u011f\u0131 ile temizleme i\u015flemine denir. Diyaliz ikiye ayr\u0131l\u0131r; Hemodiyaliz Periton diyaliz","protected":false},"author":1,"featured_media":0,"parent":0,"menu_order":0,"comment_status":"closed","ping_status":"closed","template":"","meta":{"footnotes":""},"class_list":["post-22","page","type-page","status-publish","hentry"],"_links":{"self":[{"href":"https:\/\/www.mersindiyaliz.com.tr\/en\/wp-json\/wp\/v2\/pages\/22","targetHints":{"allow":["GET"]}}],"collection":[{"href":"https:\/\/www.mersindiyaliz.com.tr\/en\/wp-json\/wp\/v2\/pages"}],"about":[{"href":"https:\/\/www.mersindiyaliz.com.tr\/en\/wp-json\/wp\/v2\/types\/page"}],"author":[{"embeddable":true,"href":"https:\/\/www.mersindiyaliz.com.tr\/en\/wp-json\/wp\/v2\/users\/1"}],"replies":[{"embeddable":true,"href":"https:\/\/www.mersindiyaliz.com.tr\/en\/wp-json\/wp\/v2\/comments?post=22"}],"version-history":[{"count":5,"href":"https:\/\/www.mersindiyaliz.com.tr\/en\/wp-json\/wp\/v2\/pages\/22\/revisions"}],"predecessor-version":[{"id":365,"href":"https:\/\/www.mersindiyaliz.com.tr\/en\/wp-json\/wp\/v2\/pages\/22\/revisions\/365"}],"wp:attachment":[{"href":"https:\/\/www.mersindiyaliz.com.tr\/en\/wp-json\/wp\/v2\/media?parent=22"}],"curies":[{"name":"wp","href":"https:\/\/api.w.org\/{rel}","templated":true}]}}