{"id":23,"date":"2016-09-26T02:13:48","date_gmt":"2016-09-26T02:13:48","guid":{"rendered":"http:\/\/sw-themes.com\/porto_dummy\/?page_id=23"},"modified":"2022-06-27T17:05:59","modified_gmt":"2022-06-27T17:05:59","slug":"hemodiyaliz","status":"publish","type":"page","link":"https:\/\/www.mersindiyaliz.com.tr\/en\/hemodiyaliz\/","title":{"rendered":"Hemodialysis"},"content":{"rendered":"<div class=\"vc_row wpb_row row top-row\"><div class=\"vc_column_container col-md-12\"><div class=\"wpb_wrapper vc_column-inner\"><h2  class=\"vc_custom_heading m-b-md align-left\">Hemodialysis<\/h2><\/div><\/div><\/div><div class=\"vc_row wpb_row row top-row\"><div class=\"vc_column_container col-md-12\"><div class=\"wpb_wrapper vc_column-inner\">\n\t<div class=\"wpb_single_image wpb_content_element vc_align_left\">\n\t\t<div class=\"wpb_wrapper\">\n\t\t\t\n\t\t\t<div class=\"vc_single_image-wrapper   vc_box_border_grey\"><img loading=\"lazy\" decoding=\"async\" width=\"1200\" height=\"532\" src=\"https:\/\/www.mersindiyaliz.com.tr\/wp-content\/uploads\/2022\/06\/hemodiyaliz_1-1.jpg\" class=\"vc_single_image-img attachment-full\" alt=\"\" srcset=\"https:\/\/www.mersindiyaliz.com.tr\/wp-content\/uploads\/2022\/06\/hemodiyaliz_1-1.jpg 1200w, https:\/\/www.mersindiyaliz.com.tr\/wp-content\/uploads\/2022\/06\/hemodiyaliz_1-1-1024x454.jpg 1024w, https:\/\/www.mersindiyaliz.com.tr\/wp-content\/uploads\/2022\/06\/hemodiyaliz_1-1-768x340.jpg 768w, https:\/\/www.mersindiyaliz.com.tr\/wp-content\/uploads\/2022\/06\/hemodiyaliz_1-1-640x284.jpg 640w, https:\/\/www.mersindiyaliz.com.tr\/wp-content\/uploads\/2022\/06\/hemodiyaliz_1-1-400x177.jpg 400w\" sizes=\"auto, (max-width: 1200px) 100vw, 1200px\" \/><\/div>\n\t\t<\/div>\n\t<\/div>\n\n\t<div class=\"wpb_text_column wpb_content_element\" >\n\t\t<div class=\"wpb_wrapper\">\n\t\t\t<p>It is the process of cleaning the blood outside the body through a machine and semi-permeable membrane and giving it back to the body.<\/p>\n<p>The following practices are used to provide the high blood flow required for hemodialysis treatment:<\/p>\n<p><strong>1) Permanent vascular access applications:<\/strong><\/p>\n<ul>\n<li>Arteriovenous fistula (AVF)<\/li>\n<li>Tunnel indwelling catheter<\/li>\n<li>Arteriovenous graft<\/li>\n<\/ul>\n<p><strong>2) Temporary vascular access applications:<\/strong><\/p>\n<ul>\n<li>They are double lumen catheters that are applied to the subclavian, femoral and jugular veins according to the insertion site. Treatments administered in this way should be short term. Otherwise, the chances of getting an infection are high.<\/li>\n<\/ul>\n\n\t\t<\/div>\n\t<\/div>\n<\/div><\/div><\/div><div class=\"vc_row wpb_row row top-row\"><div class=\"vc_column_container col-md-12\"><div class=\"wpb_wrapper vc_column-inner\">\n\t<div class=\"wpb_text_column wpb_content_element\" >\n\t\t<div class=\"wpb_wrapper\">\n\t\t\t<p><b>Why Hemodialysis in a Private Center?<\/b><\/p>\n<p><span style=\"font-weight: 400;\">Doctor and nurse staff who will intervene against possible symptoms of the disease are present throughout the treatment.<\/span><\/p>\n<p><span style=\"font-weight: 400;\">During the hemodialysis treatment period, the vital signs of the patient are periodically checked and recorded.<\/span><\/p>\n<p><span style=\"font-weight: 400;\">With the emergency response equipment, medicine and emergency response team in the center, the patient is immediately intervened in a possible emergency.<\/span><\/p>\n<p><span style=\"font-weight: 400;\">By regularly measuring, recording and monitoring clinical findings, patients receive the best possible treatment.<\/span><\/p>\n<p><span style=\"font-weight: 400;\">During the hemodialysis treatment, a nurse responsible for the care of each patient and auxiliary staff take part.<\/span><\/p>\n<p><span style=\"font-weight: 400;\">It is ensured that the existing diseases other than CKD are diagnosed and followed up by the relevant specialist physicians in a timely manner.<\/span><\/p>\n\n\t\t<\/div>\n\t<\/div>\n<\/div><\/div><\/div>","protected":false},"excerpt":{"rendered":"Hemodiyaliz Kan\u0131n v\u00fccut d\u0131\u015f\u0131nda bir makine ve yar\u0131 ge\u00e7irgen membran yoluyla temizlenerek tekrar v\u00fccuda verilme i\u015flemidir. Hemodiyaliz tedavisi i\u00e7in gereken y\u00fcksek kan ak\u0131m\u0131n\u0131 sa\u011flamak i\u00e7in a\u015fa\u011f\u0131daki uygulamalar kullan\u0131l\u0131r: 1) Kal\u0131c\u0131 damar yolu uygulamalar\u0131: Arterioven\u00f6z fist\u00fcl (AVF) T\u00fcnelli kal\u0131c\u0131 katater Arterioven\u00f6z greft 2) Ge\u00e7ici damar yolu uygulamalar\u0131: Tak\u0131ld\u0131\u011f\u0131 b\u00f6lgeye g\u00f6re subclavien ,femoral ve juguler vene uygulanan [...]","protected":false},"author":1,"featured_media":0,"parent":0,"menu_order":0,"comment_status":"closed","ping_status":"closed","template":"","meta":{"footnotes":""},"class_list":["post-23","page","type-page","status-publish","hentry"],"_links":{"self":[{"href":"https:\/\/www.mersindiyaliz.com.tr\/en\/wp-json\/wp\/v2\/pages\/23","targetHints":{"allow":["GET"]}}],"collection":[{"href":"https:\/\/www.mersindiyaliz.com.tr\/en\/wp-json\/wp\/v2\/pages"}],"about":[{"href":"https:\/\/www.mersindiyaliz.com.tr\/en\/wp-json\/wp\/v2\/types\/page"}],"author":[{"embeddable":true,"href":"https:\/\/www.mersindiyaliz.com.tr\/en\/wp-json\/wp\/v2\/users\/1"}],"replies":[{"embeddable":true,"href":"https:\/\/www.mersindiyaliz.com.tr\/en\/wp-json\/wp\/v2\/comments?post=23"}],"version-history":[{"count":7,"href":"https:\/\/www.mersindiyaliz.com.tr\/en\/wp-json\/wp\/v2\/pages\/23\/revisions"}],"predecessor-version":[{"id":390,"href":"https:\/\/www.mersindiyaliz.com.tr\/en\/wp-json\/wp\/v2\/pages\/23\/revisions\/390"}],"wp:attachment":[{"href":"https:\/\/www.mersindiyaliz.com.tr\/en\/wp-json\/wp\/v2\/media?parent=23"}],"curies":[{"name":"wp","href":"https:\/\/api.w.org\/{rel}","templated":true}]}}