{"id":254,"date":"2022-06-21T06:25:03","date_gmt":"2022-06-21T06:25:03","guid":{"rendered":"https:\/\/www.mersindiyaliz.com.tr\/?page_id=254"},"modified":"2022-09-21T09:16:08","modified_gmt":"2022-09-21T09:16:08","slug":"kbh-ve-beslenme","status":"publish","type":"page","link":"https:\/\/www.mersindiyaliz.com.tr\/en\/kbh-ve-beslenme\/","title":{"rendered":"CKD and Nutrition"},"content":{"rendered":"<div class=\"vc_row wpb_row row top-row\"><div class=\"vc_column_container col-md-12\"><div class=\"wpb_wrapper vc_column-inner\"><h2  class=\"vc_custom_heading m-b-md align-left\">CKD and Nutrition<\/h2><\/div><\/div><div class=\"vc_column_container col-md-6\"><div class=\"wpb_wrapper vc_column-inner\">\n\t<div class=\"wpb_text_column wpb_content_element\" >\n\t\t<div class=\"wpb_wrapper\">\n\t\t\t<p>Conscious dietary practices in CKD minimize the problems that may arise.<\/p>\n<p>The main purpose of diet applications in dialysis:<\/p>\n<ul>\n<li>Regulating fluid and electrolyte balance<\/li>\n<li>Reduce symptoms<\/li>\n<li>Reducing the burden of the kidney<\/li>\n<\/ul>\n<p>Our main energy sources are carbohydrates and fats. Unsaturated fats should be preferred.<\/p>\n\n\t\t<\/div>\n\t<\/div>\n<\/div><\/div><div class=\"vc_column_container col-md-6\"><div class=\"wpb_wrapper vc_column-inner\">\n\t<div class=\"wpb_single_image wpb_content_element vc_align_left\">\n\t\t<div class=\"wpb_wrapper\">\n\t\t\t\n\t\t\t<div class=\"vc_single_image-wrapper   vc_box_border_grey\"><img loading=\"lazy\" decoding=\"async\" width=\"800\" height=\"509\" src=\"https:\/\/www.mersindiyaliz.com.tr\/wp-content\/uploads\/2022\/06\/kbh-1.jpg\" class=\"vc_single_image-img attachment-full\" alt=\"\" srcset=\"https:\/\/www.mersindiyaliz.com.tr\/wp-content\/uploads\/2022\/06\/kbh-1.jpg 800w, https:\/\/www.mersindiyaliz.com.tr\/wp-content\/uploads\/2022\/06\/kbh-1-768x489.jpg 768w, https:\/\/www.mersindiyaliz.com.tr\/wp-content\/uploads\/2022\/06\/kbh-1-640x407.jpg 640w, https:\/\/www.mersindiyaliz.com.tr\/wp-content\/uploads\/2022\/06\/kbh-1-400x255.jpg 400w\" sizes=\"auto, (max-width: 800px) 100vw, 800px\" \/><\/div>\n\t\t<\/div>\n\t<\/div>\n<\/div><\/div><\/div><div class=\"vc_row wpb_row row top-row\"><div class=\"vc_column_container col-md-12\"><div class=\"wpb_wrapper vc_column-inner\">\n\t<div class=\"wpb_text_column wpb_content_element\" >\n\t\t<div class=\"wpb_wrapper\">\n\t\t\t<p>Our main energy sources are carbohydrates and fats. Unsaturated fats should be preferred.<\/p>\n<p>It may be beneficial to limit meat, fish, chicken, eggs, milk and dairy products that are high in protein in your diet.<\/p>\n<p>You need to limit your intake of fluids and sodium (salt and salt products). Since salt retains water in the body, your body needs more water. Avoid salty foods.<\/p>\n<p>Prefer fresh products instead of canned, processed and frozen products.<\/p>\n<p>In the later stages of CKD, you are expected to follow your diet closely. Protein intake should be adequate. In its deficiency, Amino-Keto acid supplements may be beneficial.<\/p>\n<p>When you take too much water, you can observe swelling in your feet and ankles, on your face and in various places.<\/p>\n\n\t\t<\/div>\n\t<\/div>\n<\/div><\/div><\/div><div class=\"vc_row wpb_row row top-row\"><div class=\"vc_column_container col-md-6\"><div class=\"wpb_wrapper vc_column-inner\">\n\t<div class=\"wpb_text_column wpb_content_element\" >\n\t\t<div class=\"wpb_wrapper\">\n\t\t\t<p>Since potassium will cause irregular heartbeats, arrhythmias and rhythm disorders, foods containing potassium should be avoided.<\/p>\n<p>Foods rich in potassium:<\/p>\n<ul>\n<li>Vegetable, fruit and fruit juices<\/li>\n<li>Milk and milk products<\/li>\n<li>Cookies and nuts<\/li>\n<li>Whole grain products<\/li>\n<li>Salty foods<\/li>\n<\/ul>\n\n\t\t<\/div>\n\t<\/div>\n<\/div><\/div><div class=\"vc_column_container col-md-6\"><div class=\"wpb_wrapper vc_column-inner\">\n\t<div class=\"wpb_single_image wpb_content_element vc_align_left\">\n\t\t<div class=\"wpb_wrapper\">\n\t\t\t\n\t\t\t<div class=\"vc_single_image-wrapper   vc_box_border_grey\"><img loading=\"lazy\" decoding=\"async\" width=\"800\" height=\"509\" src=\"https:\/\/www.mersindiyaliz.com.tr\/wp-content\/uploads\/2022\/06\/potasyum-1.jpg\" class=\"vc_single_image-img attachment-full\" alt=\"\" srcset=\"https:\/\/www.mersindiyaliz.com.tr\/wp-content\/uploads\/2022\/06\/potasyum-1.jpg 800w, https:\/\/www.mersindiyaliz.com.tr\/wp-content\/uploads\/2022\/06\/potasyum-1-768x489.jpg 768w, https:\/\/www.mersindiyaliz.com.tr\/wp-content\/uploads\/2022\/06\/potasyum-1-640x407.jpg 640w, https:\/\/www.mersindiyaliz.com.tr\/wp-content\/uploads\/2022\/06\/potasyum-1-400x255.jpg 400w\" sizes=\"auto, (max-width: 800px) 100vw, 800px\" \/><\/div>\n\t\t<\/div>\n\t<\/div>\n<\/div><\/div><\/div><div class=\"vc_row wpb_row row top-row\"><div class=\"vc_column_container col-md-6\"><div class=\"wpb_wrapper vc_column-inner\">\n\t<div class=\"wpb_text_column wpb_content_element\" >\n\t\t<div class=\"wpb_wrapper\">\n\t\t\t<p>Be careful when consuming foods with high phosphate levels, as high phosphate levels will cause osteoporosis, muscle and joint pain, and itching.<\/p>\n<p>Phosphate-rich foods:<\/p>\n<ul>\n<li>Meat, fish<\/li>\n<li>Milk and milk products<\/li>\n<li>Whole grain products<\/li>\n<li>Cookies and nuts<\/li>\n<li>Cocoa and cocoa products<\/li>\n<li>Carbonated soft drinks<\/li>\n<\/ul>\n\n\t\t<\/div>\n\t<\/div>\n<\/div><\/div><div class=\"vc_column_container col-md-6\"><div class=\"wpb_wrapper vc_column-inner\">\n\t<div class=\"wpb_single_image wpb_content_element vc_align_left\">\n\t\t<div class=\"wpb_wrapper\">\n\t\t\t\n\t\t\t<div class=\"vc_single_image-wrapper   vc_box_border_grey\"><img loading=\"lazy\" decoding=\"async\" width=\"800\" height=\"509\" src=\"https:\/\/www.mersindiyaliz.com.tr\/wp-content\/uploads\/2022\/06\/fosfat-kbh.jpg\" class=\"vc_single_image-img attachment-full\" alt=\"\" srcset=\"https:\/\/www.mersindiyaliz.com.tr\/wp-content\/uploads\/2022\/06\/fosfat-kbh.jpg 800w, https:\/\/www.mersindiyaliz.com.tr\/wp-content\/uploads\/2022\/06\/fosfat-kbh-768x489.jpg 768w, https:\/\/www.mersindiyaliz.com.tr\/wp-content\/uploads\/2022\/06\/fosfat-kbh-640x407.jpg 640w, https:\/\/www.mersindiyaliz.com.tr\/wp-content\/uploads\/2022\/06\/fosfat-kbh-400x255.jpg 400w\" sizes=\"auto, (max-width: 800px) 100vw, 800px\" \/><\/div>\n\t\t<\/div>\n\t<\/div>\n<\/div><\/div><\/div>","protected":false},"excerpt":{"rendered":"KBH ve Beslenme KBH\u2019 da bilin\u00e7li diyet uygulamalar\u0131, ortaya \u00e7\u0131kabilecek sorunlar\u0131 en aza indirir. Diyalizde diyet uygulamalar\u0131n\u0131 temel amac\u0131: S\u0131v\u0131 ve elektrolit dengesini d\u00fczenlemek Semptomlar\u0131 azaltmak B\u00f6bre\u011fin y\u00fck\u00fcn\u00fc azaltmak KBH\u2019nin erken evrelerindeki sa\u011fl\u0131kl\u0131 bir diyet \u00f6zellikle tam tah\u0131l olmak \u00fczere tah\u0131l \u00e7e\u015fitleri, taze meyve ve sebzeleri i\u00e7erir. Temel enerji kaynaklar\u0131m\u0131z karbonhidrat ve ya\u011flard\u0131r. Doymam\u0131\u015f ya\u011flar\u0131 [...]","protected":false},"author":1,"featured_media":0,"parent":0,"menu_order":0,"comment_status":"closed","ping_status":"closed","template":"","meta":{"footnotes":""},"class_list":["post-254","page","type-page","status-publish","hentry"],"_links":{"self":[{"href":"https:\/\/www.mersindiyaliz.com.tr\/en\/wp-json\/wp\/v2\/pages\/254","targetHints":{"allow":["GET"]}}],"collection":[{"href":"https:\/\/www.mersindiyaliz.com.tr\/en\/wp-json\/wp\/v2\/pages"}],"about":[{"href":"https:\/\/www.mersindiyaliz.com.tr\/en\/wp-json\/wp\/v2\/types\/page"}],"author":[{"embeddable":true,"href":"https:\/\/www.mersindiyaliz.com.tr\/en\/wp-json\/wp\/v2\/users\/1"}],"replies":[{"embeddable":true,"href":"https:\/\/www.mersindiyaliz.com.tr\/en\/wp-json\/wp\/v2\/comments?post=254"}],"version-history":[{"count":7,"href":"https:\/\/www.mersindiyaliz.com.tr\/en\/wp-json\/wp\/v2\/pages\/254\/revisions"}],"predecessor-version":[{"id":504,"href":"https:\/\/www.mersindiyaliz.com.tr\/en\/wp-json\/wp\/v2\/pages\/254\/revisions\/504"}],"wp:attachment":[{"href":"https:\/\/www.mersindiyaliz.com.tr\/en\/wp-json\/wp\/v2\/media?parent=254"}],"curies":[{"name":"wp","href":"https:\/\/api.w.org\/{rel}","templated":true}]}}