{"id":258,"date":"2022-06-21T06:29:38","date_gmt":"2022-06-21T06:29:38","guid":{"rendered":"https:\/\/www.mersindiyaliz.com.tr\/?page_id=258"},"modified":"2022-06-27T17:06:54","modified_gmt":"2022-06-27T17:06:54","slug":"damar-erisim-yolu","status":"publish","type":"page","link":"https:\/\/www.mersindiyaliz.com.tr\/en\/damar-erisim-yolu\/","title":{"rendered":"Vascular Access"},"content":{"rendered":"<div class=\"vc_row wpb_row row top-row\"><div class=\"vc_column_container col-md-12\"><div class=\"wpb_wrapper vc_column-inner\"><h2  class=\"vc_custom_heading m-b-md align-left\">Vascular Access<\/h2>\n\t<div class=\"wpb_single_image wpb_content_element vc_align_left\">\n\t\t<div class=\"wpb_wrapper\">\n\t\t\t\n\t\t\t<div class=\"vc_single_image-wrapper   vc_box_border_grey\"><img loading=\"lazy\" decoding=\"async\" width=\"1200\" height=\"615\" src=\"https:\/\/www.mersindiyaliz.com.tr\/wp-content\/uploads\/2022\/06\/damar-erisim-yolu_.jpg\" class=\"vc_single_image-img attachment-full\" alt=\"\" srcset=\"https:\/\/www.mersindiyaliz.com.tr\/wp-content\/uploads\/2022\/06\/damar-erisim-yolu_.jpg 1200w, https:\/\/www.mersindiyaliz.com.tr\/wp-content\/uploads\/2022\/06\/damar-erisim-yolu_-1024x525.jpg 1024w, https:\/\/www.mersindiyaliz.com.tr\/wp-content\/uploads\/2022\/06\/damar-erisim-yolu_-768x394.jpg 768w, https:\/\/www.mersindiyaliz.com.tr\/wp-content\/uploads\/2022\/06\/damar-erisim-yolu_-640x328.jpg 640w, https:\/\/www.mersindiyaliz.com.tr\/wp-content\/uploads\/2022\/06\/damar-erisim-yolu_-400x205.jpg 400w, https:\/\/www.mersindiyaliz.com.tr\/wp-content\/uploads\/2022\/06\/damar-erisim-yolu_-450x231.jpg 450w\" sizes=\"auto, (max-width: 1200px) 100vw, 1200px\" \/><\/div>\n\t\t<\/div>\n\t<\/div>\n\n\t<div class=\"wpb_text_column wpb_content_element\" >\n\t\t<div class=\"wpb_wrapper\">\n\t\t\t<p>For hemodialysis treatment, a vascular access route is needed first. The efficiency of the vascular access route to allow high volumes of blood flow is of great importance for good blood purification.<\/p>\n<p>The most common permanent vascular access route for patients treated for CKD is an arteriovenous (AVF) fistula.<\/p>\n<p>AV fistulas are formed by the joining of arteries and veins and allow rapid, high volume of blood flow. Experienced hemodialysis doctors and nurses develop your fistula to facilitate repeated needle insertions.<\/p>\n<p>A maturation period of four to six weeks is required for needle insertion to occur in newly opened AV fistulas.<\/p>\n<p>Another alternative for patients who cannot apply AV fistula is graft. The graft consists of connecting the artery and vein with an artificial piece.<\/p>\n<p>A good vascular access line is the cornerstone of a quality hemodialysis treatment and is of great importance for your health.<\/p>\n\n\t\t<\/div>\n\t<\/div>\n<\/div><\/div><\/div>","protected":false},"excerpt":{"rendered":"Damar Eri\u015fim Yolu Hemodiyaliz tedavisi i\u00e7in ilk \u00f6nce bir damar eri\u015fim yoluna ihtiya\u00e7 vard\u0131r. Damar eri\u015fim yolunun y\u00fcksek hacimde kan ak\u0131\u015f\u0131na imkan verecek verimlilikle olmas\u0131 kan\u0131n iyi temizlenmesi i\u00e7in b\u00fcy\u00fck \u00f6nem ta\u015f\u0131r. KBH tedavisi g\u00f6ren hastalar i\u00e7in en yayg\u0131n kal\u0131c\u0131 damar eri\u015fim yolu arterioven\u00f6z (AVF) fist\u00fcld\u00fcr. AV fist\u00fcller atardamar ve toplardamar\u0131n birle\u015ftirilmesi ile olu\u015fur ve [...]","protected":false},"author":1,"featured_media":0,"parent":0,"menu_order":0,"comment_status":"closed","ping_status":"closed","template":"","meta":{"footnotes":""},"class_list":["post-258","page","type-page","status-publish","hentry"],"_links":{"self":[{"href":"https:\/\/www.mersindiyaliz.com.tr\/en\/wp-json\/wp\/v2\/pages\/258","targetHints":{"allow":["GET"]}}],"collection":[{"href":"https:\/\/www.mersindiyaliz.com.tr\/en\/wp-json\/wp\/v2\/pages"}],"about":[{"href":"https:\/\/www.mersindiyaliz.com.tr\/en\/wp-json\/wp\/v2\/types\/page"}],"author":[{"embeddable":true,"href":"https:\/\/www.mersindiyaliz.com.tr\/en\/wp-json\/wp\/v2\/users\/1"}],"replies":[{"embeddable":true,"href":"https:\/\/www.mersindiyaliz.com.tr\/en\/wp-json\/wp\/v2\/comments?post=258"}],"version-history":[{"count":4,"href":"https:\/\/www.mersindiyaliz.com.tr\/en\/wp-json\/wp\/v2\/pages\/258\/revisions"}],"predecessor-version":[{"id":377,"href":"https:\/\/www.mersindiyaliz.com.tr\/en\/wp-json\/wp\/v2\/pages\/258\/revisions\/377"}],"wp:attachment":[{"href":"https:\/\/www.mersindiyaliz.com.tr\/en\/wp-json\/wp\/v2\/media?parent=258"}],"curies":[{"name":"wp","href":"https:\/\/api.w.org\/{rel}","templated":true}]}}