{"id":260,"date":"2022-06-21T06:31:53","date_gmt":"2022-06-21T06:31:53","guid":{"rendered":"https:\/\/www.mersindiyaliz.com.tr\/?page_id=260"},"modified":"2022-06-27T17:07:18","modified_gmt":"2022-06-27T17:07:18","slug":"fistul-ve-katater-bakimi","status":"publish","type":"page","link":"https:\/\/www.mersindiyaliz.com.tr\/en\/fistul-ve-katater-bakimi\/","title":{"rendered":"Fistula and Catheter Care"},"content":{"rendered":"<div class=\"vc_row wpb_row row top-row\"><div class=\"vc_column_container col-md-6\"><div class=\"wpb_wrapper vc_column-inner\"><h2 style=\"font-size: 20px\" class=\"vc_custom_heading m-b-md align-left\">Fistula and Catheter Care<\/h2>\n\t<div class=\"wpb_text_column wpb_content_element\" >\n\t\t<div class=\"wpb_wrapper\">\n\t\t\t<p>Procedures that will reduce blood pressure in the arm with fistula should be avoided.<\/p>\n<ul>\n<li>Not wearing tight clothing that puts pressure on the fistula.<\/li>\n<li>Not having blood pressure measured on the arm with fistula.<\/li>\n<li>Avoiding any intravenous injection in the arm with fistula.<\/li>\n<li>Not carrying heavy items with the fistula arm.<\/li>\n<li>Extremely hot and cold environments should be avoided.<\/li>\n<\/ul>\n<p>The following practices are considered for patients using catheters.<\/p>\n<ul>\n<li>The catheter insertion site is cleaned during each dialysis treatment.<\/li>\n<li>Dressings are done regularly and in accordance with the rules.<\/li>\n<\/ul>\n\n\t\t<\/div>\n\t<\/div>\n<h4  class=\"vc_custom_heading m-b-md align-left\">Why should you have a fistula?<\/h4>\n\t<div class=\"wpb_text_column wpb_content_element\" >\n\t\t<div class=\"wpb_wrapper\">\n\t\t\t<p>The quality of life of patients using AV fistula is higher than patients using catheters.<\/p>\n\n\t\t<\/div>\n\t<\/div>\n<\/div><\/div><div class=\"vc_column_container col-md-6\"><div class=\"wpb_wrapper vc_column-inner\">\n\t<div class=\"wpb_single_image wpb_content_element vc_align_left\">\n\t\t<div class=\"wpb_wrapper\">\n\t\t\t\n\t\t\t<div class=\"vc_single_image-wrapper   vc_box_border_grey\"><img loading=\"lazy\" decoding=\"async\" width=\"800\" height=\"533\" src=\"https:\/\/www.mersindiyaliz.com.tr\/wp-content\/uploads\/2022\/06\/kateter-bakimi.jpg\" class=\"vc_single_image-img attachment-full\" alt=\"\" srcset=\"https:\/\/www.mersindiyaliz.com.tr\/wp-content\/uploads\/2022\/06\/kateter-bakimi.jpg 800w, https:\/\/www.mersindiyaliz.com.tr\/wp-content\/uploads\/2022\/06\/kateter-bakimi-768x512.jpg 768w, https:\/\/www.mersindiyaliz.com.tr\/wp-content\/uploads\/2022\/06\/kateter-bakimi-640x426.jpg 640w, https:\/\/www.mersindiyaliz.com.tr\/wp-content\/uploads\/2022\/06\/kateter-bakimi-400x267.jpg 400w\" sizes=\"auto, (max-width: 800px) 100vw, 800px\" \/><\/div>\n\t\t<\/div>\n\t<\/div>\n<\/div><\/div><\/div>","protected":false},"excerpt":{"rendered":"Fist\u00fcl ve Katater Bak\u0131m\u0131 Fist\u00fcll\u00fc kolda kan bas\u0131nc\u0131n\u0131 azaltacak i\u015flemlerden uzak durulmal\u0131d\u0131r. Fist\u00fcle bask\u0131 yapacak s\u0131k\u0131 giysiler giymemek. Fist\u00fcll\u00fc koldan tansiyon \u00f6l\u00e7t\u00fcrmemek. Fist\u00fcll\u00fc koldan herhangi bir damar i\u00e7i enjeksiyondan uzak durmak. Fist\u00fcll\u00fc kol ile a\u011f\u0131r e\u015fyalar ta\u015f\u0131mamak. A\u015f\u0131r\u0131 s\u0131cak ve so\u011fuk ortamlardan uzak durulmal\u0131d\u0131r. Katater kullanan hastalar i\u00e7in a\u015fa\u011f\u0131daki uygulamalara dikkat edilir. Katater giri\u015f yeri, [...]","protected":false},"author":1,"featured_media":0,"parent":0,"menu_order":0,"comment_status":"closed","ping_status":"closed","template":"","meta":{"footnotes":""},"class_list":["post-260","page","type-page","status-publish","hentry"],"_links":{"self":[{"href":"https:\/\/www.mersindiyaliz.com.tr\/en\/wp-json\/wp\/v2\/pages\/260","targetHints":{"allow":["GET"]}}],"collection":[{"href":"https:\/\/www.mersindiyaliz.com.tr\/en\/wp-json\/wp\/v2\/pages"}],"about":[{"href":"https:\/\/www.mersindiyaliz.com.tr\/en\/wp-json\/wp\/v2\/types\/page"}],"author":[{"embeddable":true,"href":"https:\/\/www.mersindiyaliz.com.tr\/en\/wp-json\/wp\/v2\/users\/1"}],"replies":[{"embeddable":true,"href":"https:\/\/www.mersindiyaliz.com.tr\/en\/wp-json\/wp\/v2\/comments?post=260"}],"version-history":[{"count":5,"href":"https:\/\/www.mersindiyaliz.com.tr\/en\/wp-json\/wp\/v2\/pages\/260\/revisions"}],"predecessor-version":[{"id":431,"href":"https:\/\/www.mersindiyaliz.com.tr\/en\/wp-json\/wp\/v2\/pages\/260\/revisions\/431"}],"wp:attachment":[{"href":"https:\/\/www.mersindiyaliz.com.tr\/en\/wp-json\/wp\/v2\/media?parent=260"}],"curies":[{"name":"wp","href":"https:\/\/api.w.org\/{rel}","templated":true}]}}