{"id":281,"date":"2022-06-21T07:12:54","date_gmt":"2022-06-21T07:12:54","guid":{"rendered":"https:\/\/www.mersindiyaliz.com.tr\/?page_id=281"},"modified":"2022-06-27T17:02:33","modified_gmt":"2022-06-27T17:02:33","slug":"vizyon-misyon","status":"publish","type":"page","link":"https:\/\/www.mersindiyaliz.com.tr\/en\/vizyon-misyon\/","title":{"rendered":"Vision &amp; Mission"},"content":{"rendered":"<div class=\"vc_row wpb_row row top-row\"><div class=\"vc_column_container col-md-12\"><div class=\"wpb_wrapper vc_column-inner\"><h2 style=\"font-size: 20px\" class=\"vc_custom_heading m-b-xs align-left\">Our Vision<\/h2>\n\t<div class=\"wpb_text_column wpb_content_element\" >\n\t\t<div class=\"wpb_wrapper\">\n\t\t\t<p>To increase life expectancy and quality of life for patients with chronic kidney disease with world class treatment practices, to be a leading brand in the dialysis sector in Turkey by carrying out preventive health studies as well as therapeutic applications.<\/p>\n\n\t\t<\/div>\n\t<\/div>\n<h2 style=\"font-size: 20px\" class=\"vc_custom_heading m-b-xs align-left\">Our Mission<\/h2>\n\t<div class=\"wpb_text_column wpb_content_element\" >\n\t\t<div class=\"wpb_wrapper\">\n\t\t\t<p>To provide transparent, friendly, ethical, respectful, innovative healthcare services that are exemplified by a modern management system, medical practices and with our employees.<\/p>\n\n\t\t<\/div>\n\t<\/div>\n<\/div><\/div><\/div><div class=\"vc_row wpb_row row top-row\"><div class=\"vc_column_container col-md-12\"><div class=\"wpb_wrapper vc_column-inner\"><h2 style=\"font-size: 20px\" class=\"vc_custom_heading m-b-xs align-left\">Our Values<\/h2>\n\t<div class=\"wpb_text_column wpb_content_element\" >\n\t\t<div class=\"wpb_wrapper\">\n\t\t\t<ul>\n<li>Respecting patient privacy and patient rights<\/li>\n<li>Adhering to medical professional ethics code<\/li>\n<li>Being transparent and reliable<\/li>\n<li>Being responsible and looking out for the benefit of society<\/li>\n<li>Being open mindedly to innovations and changing conditions<\/li>\n<li>To provide a safe working environment for our employees, look out for their moral and material support.<\/li>\n<li>Being in a team spirit<\/li>\n<li>To have a spirit of solidarity of sharing<\/li>\n<li>Keeping the patient and employee satisfaction at the highest level<\/li>\n<li>Prioritize patient and employee safety<\/li>\n<li>Presenting modern and technological health services in a friendly environment<\/li>\n<li>\u201cOur principle is your health\u201d<\/li>\n<li>.<\/li>\n<li>.<\/li>\n<\/ul>\n\n\t\t<\/div>\n\t<\/div>\n<\/div><\/div><\/div>","protected":false},"excerpt":{"rendered":"Vizyonumuz D\u00fcnya standartlar\u0131nda \u00fcst d\u00fczey tedavi uygulamalar\u0131 ile kronik b\u00f6brek hastal\u0131\u011f\u0131 bulunan hastalar\u0131n ya\u015fam s\u00fcresi ve kalitesini y\u00fckseltmek, tedavi edici uygulamalar yan\u0131nda koruyucu sa\u011fl\u0131k \u00e7al\u0131\u015fmalar\u0131n\u0131 da y\u00fcr\u00fcterek T\u00fcrkiye\u2019de diyaliz sekt\u00f6r\u00fcnde \u00f6nde gelen bir marka olmak. Misyonumuz \u00c7al\u0131\u015fanlar\u0131m\u0131zla \u00e7a\u011fda\u015f bir y\u00f6netim sistemi, t\u0131bbi uygulamalar\u0131 ve teknolojisi ile \u00f6rnek g\u00f6sterilen \u015feffaf, g\u00fcler y\u00fczl\u00fc, etik de\u011ferlere ba\u011fl\u0131, hasta [...]","protected":false},"author":1,"featured_media":0,"parent":0,"menu_order":0,"comment_status":"closed","ping_status":"closed","template":"","meta":{"footnotes":""},"class_list":["post-281","page","type-page","status-publish","hentry"],"_links":{"self":[{"href":"https:\/\/www.mersindiyaliz.com.tr\/en\/wp-json\/wp\/v2\/pages\/281","targetHints":{"allow":["GET"]}}],"collection":[{"href":"https:\/\/www.mersindiyaliz.com.tr\/en\/wp-json\/wp\/v2\/pages"}],"about":[{"href":"https:\/\/www.mersindiyaliz.com.tr\/en\/wp-json\/wp\/v2\/types\/page"}],"author":[{"embeddable":true,"href":"https:\/\/www.mersindiyaliz.com.tr\/en\/wp-json\/wp\/v2\/users\/1"}],"replies":[{"embeddable":true,"href":"https:\/\/www.mersindiyaliz.com.tr\/en\/wp-json\/wp\/v2\/comments?post=281"}],"version-history":[{"count":7,"href":"https:\/\/www.mersindiyaliz.com.tr\/en\/wp-json\/wp\/v2\/pages\/281\/revisions"}],"predecessor-version":[{"id":418,"href":"https:\/\/www.mersindiyaliz.com.tr\/en\/wp-json\/wp\/v2\/pages\/281\/revisions\/418"}],"wp:attachment":[{"href":"https:\/\/www.mersindiyaliz.com.tr\/en\/wp-json\/wp\/v2\/media?parent=281"}],"curies":[{"name":"wp","href":"https:\/\/api.w.org\/{rel}","templated":true}]}}