{"id":283,"date":"2022-06-21T07:13:30","date_gmt":"2022-06-21T07:13:30","guid":{"rendered":"https:\/\/www.mersindiyaliz.com.tr\/?page_id=283"},"modified":"2022-06-27T17:03:34","modified_gmt":"2022-06-27T17:03:34","slug":"kurumsal-amac-hedef","status":"publish","type":"page","link":"https:\/\/www.mersindiyaliz.com.tr\/en\/kurumsal-amac-hedef\/","title":{"rendered":"Corporate Objective"},"content":{"rendered":"<div class=\"vc_row wpb_row row top-row\"><div class=\"vc_column_container col-md-12\"><div class=\"wpb_wrapper vc_column-inner\"><h2 style=\"font-size: 20px\" class=\"vc_custom_heading m-b-xs align-left\">Corporate Objective<\/h2>\n\t<div class=\"wpb_text_column wpb_content_element\" >\n\t\t<div class=\"wpb_wrapper\">\n\t\t\t<p style=\"text-align: justify;\">In line with our mission, vision and values; taking into account the social needs and physical conditions carrying out the necessary studies and reaching the determined targets.<\/p>\n\n\t\t<\/div>\n\t<\/div>\n<h2 style=\"font-size: 20px\" class=\"vc_custom_heading m-b-xs align-left\">Objectives<\/h2>\n\t<div class=\"wpb_text_column wpb_content_element\" >\n\t\t<div class=\"wpb_wrapper\">\n\t\t\t<ul>\n<li style=\"text-align: justify;\">Achieving \u201ceffective\u201d results in planned targets.<\/li>\n<li style=\"text-align: justify;\">To control the \"Effectiveness\" of all planned and performed works and to ensure their continuity.<\/li>\n<li style=\"text-align: justify;\">To increase \u201cEfficiency\u201d by using the right resources in accordance with the quality standards in healthcare.<\/li>\n<li style=\"text-align: justify;\">Establishing an ideal and safe working environment for healthcare professionals working in the Private \u00c7ukurova Dialysis Center to maintain a \"Healthy Working Life\".<\/li>\n<li style=\"text-align: justify;\">To prevent all foreseeable hazards that may cause harm to all patients and their companions in our Dialysis Center, to ensure Patient Safety by carrying out preventive activities in order to keep them at an acceptable risk level.<\/li>\n<li style=\"text-align: justify;\">All of our patients treated in our Dialysis Center benefit from equal rights based on their treatment and care needs without any discrimination.<\/li>\n<li style=\"text-align: justify;\">To approach care services with a \u201cPatient Focus\u201d and to ensure the active participation of the patient in the treatment.<\/li>\n<li style=\"text-align: justify;\">Compliance with the doctor\u2019s prescription and institutional procedures in the procedures and processes.<\/li>\n<li style=\"text-align: justify;\">Providing treatment and care services in an acceptable time frame according to the needs of the patient.<\/li>\n<li style=\"text-align: justify;\">Ensuring \"Continuity\" after the patient's treatment.<\/li>\n<\/ul>\n\n\t\t<\/div>\n\t<\/div>\n<\/div><\/div><\/div>","protected":false},"excerpt":{"rendered":"Amac\u0131m\u0131z Merkezimizin misyon, vizyon ve de\u011ferleri paralelinde toplumsal ihtiya\u00e7lar\u0131 ve\u00a0 fiziksel \u015fartlar\u0131 da g\u00f6z \u00f6n\u00fcne alarak gerekli \u00e7al\u0131\u015fmalar\u0131 yapmak, belirlenen hedeflere ula\u015fmakt\u0131r. Hedeflerimiz Planlanan hedeflerde \u201cEtkili\u201d sonuc\u0327lara ulas\u0327mak. Planlanan ve gerc\u0327ekles\u0327tirilen tu\u0308m is\u0327lerin \u201cEtkinlig\u0306ini\u201d kontrol etmek ve su\u0308reklilig\u0306ini sag\u0306lamak. Hedeflere ulas\u0327mada sag\u0306l\u0131kta kalite standartlar\u0131na uygun dog\u0306ru ve en az kaynaklar\u0131 kullanarak \u201cVerimlilig\u0306i\u201d artt\u0131rmak. O\u0308zel Mersin [...]","protected":false},"author":1,"featured_media":0,"parent":0,"menu_order":0,"comment_status":"closed","ping_status":"closed","template":"","meta":{"footnotes":""},"class_list":["post-283","page","type-page","status-publish","hentry"],"_links":{"self":[{"href":"https:\/\/www.mersindiyaliz.com.tr\/en\/wp-json\/wp\/v2\/pages\/283","targetHints":{"allow":["GET"]}}],"collection":[{"href":"https:\/\/www.mersindiyaliz.com.tr\/en\/wp-json\/wp\/v2\/pages"}],"about":[{"href":"https:\/\/www.mersindiyaliz.com.tr\/en\/wp-json\/wp\/v2\/types\/page"}],"author":[{"embeddable":true,"href":"https:\/\/www.mersindiyaliz.com.tr\/en\/wp-json\/wp\/v2\/users\/1"}],"replies":[{"embeddable":true,"href":"https:\/\/www.mersindiyaliz.com.tr\/en\/wp-json\/wp\/v2\/comments?post=283"}],"version-history":[{"count":6,"href":"https:\/\/www.mersindiyaliz.com.tr\/en\/wp-json\/wp\/v2\/pages\/283\/revisions"}],"predecessor-version":[{"id":453,"href":"https:\/\/www.mersindiyaliz.com.tr\/en\/wp-json\/wp\/v2\/pages\/283\/revisions\/453"}],"wp:attachment":[{"href":"https:\/\/www.mersindiyaliz.com.tr\/en\/wp-json\/wp\/v2\/media?parent=283"}],"curies":[{"name":"wp","href":"https:\/\/api.w.org\/{rel}","templated":true}]}}