{"id":382,"date":"2022-06-25T07:54:06","date_gmt":"2022-06-25T07:54:06","guid":{"rendered":"https:\/\/www.mersindiyaliz.com.tr\/?page_id=382"},"modified":"2023-10-04T11:39:05","modified_gmt":"2023-10-04T11:39:05","slug":"kalite-yonetimi","status":"publish","type":"page","link":"https:\/\/www.mersindiyaliz.com.tr\/en\/kalite-yonetimi\/","title":{"rendered":"Quality Management"},"content":{"rendered":"<div class=\"vc_row wpb_row row top-row\"><div class=\"vc_column_container col-md-12\"><div class=\"wpb_wrapper vc_column-inner\">\n\t<div class=\"wpb_text_column wpb_content_element\" >\n\t\t<div class=\"wpb_wrapper\">\n\t\t\t<p>Amac\u0131m\u0131z, kalite yo\u0308netim sistemi (KYS) nin kurum ic\u0327inde uygulanmas\u0131n\u0131 sag\u0306layarak hasta ve c\u0327al\u0131s\u0327an gu\u0308venlig\u0306i ile hasta ve c\u0327al\u0131s\u0327an memnuniyetini artt\u0131rmak, su\u0308rekli kalite gelis\u0327imini kurum ku\u0308ltu\u0308ru\u0308 haline getirerek Sag\u0306l\u0131kta Kalite Diyaliz Standartlar\u0131 ve uluslararas\u0131 standartlara uygun bir s\u0327ekilde hastalar\u0131m\u0131za hizmet sunmakt\u0131r.<\/p>\n\n\t\t<\/div>\n\t<\/div>\n<h2 style=\"font-size: 20px\" class=\"vc_custom_heading m-b-xs align-left\">Kalite Yo\u0308netim Sistemimiz<\/h2>\n\t<div class=\"wpb_text_column wpb_content_element\" >\n\t\t<div class=\"wpb_wrapper\">\n\t\t\t<p>O\u0308zel Mersin Diyaliz Merkezlerimizde kalite c\u0327al\u0131s\u0327malar\u0131, yo\u0308netimin ve klinik kalite sorumlular\u0131n\u0131n desteg\u0306i ile \u201cKalite Yo\u0308netim Birimi\u201d taraf\u0131ndan; Sag\u0306l\u0131k Bakanl\u0131g\u0306\u0131 Sag\u0306l\u0131kta Kalite Standartlar\u0131-Diyaliz dog\u0306rultusunda yu\u0308ru\u0308tu\u0308lmektedir. Sag\u0306l\u0131kta Kalite Standartlar\u0131na go\u0308re belirlenen bo\u0308lu\u0308mler ic\u0327in Kalite Yo\u0308netim Direkto\u0308ru\u0308 ile birlikte her bir klinik ic\u0327in klinik kalite sorumlular\u0131 go\u0308revlendirilmis\u0327tir. Bu bo\u0308lu\u0308mler as\u0327ag\u0306\u0131daki gibidir;<\/p>\n<ol>\n<li><strong>Kurumsal Hizmetler<\/strong><\/li>\n<\/ol>\n<ul>\n<li>Kurumsal Yap\u0131<\/li>\n<li>Kalite Yo\u0308netimi<\/li>\n<li>Doku\u0308man Yo\u0308netimi<\/li>\n<li>Risk Yo\u0308netimi<\/li>\n<li>I\u0307stenmeyen Olay Bildirim Sistemi<\/li>\n<li>Acil Durum ve Afet Yo\u0308netimi<\/li>\n<li>Eg\u0306itim Yo\u0308netimi<\/li>\n<li>Sosyal Sorumluluk<\/li>\n<\/ul>\n<ol start=\"2\">\n<li><b> Hasta ve C\u0327al\u0131s\u0327an Odakl\u0131 Hizmetler<\/b><\/li>\n<\/ol>\n<ul>\n<li>Hasta Deneyimi<\/li>\n<li>Sag\u0306l\u0131kl\u0131 C\u0327al\u0131s\u0327ma Yas\u0327am\u0131<\/li>\n<\/ul>\n<ol start=\"3\">\n<li><strong> Sag\u0306l\u0131k Hizmetleri<\/strong><\/li>\n<\/ol>\n<ul>\n<li>Hasta Bak\u0131m\u0131<\/li>\n<li>I\u0307lac\u0327 Yo\u0308netimi<\/li>\n<li>Enfeksiyonlar\u0131n O\u0308nlenmesi<\/li>\n<li>Laboratuvar Hizmetleri<\/li>\n<\/ul>\n<ol start=\"4\">\n<li><strong> Destek Hizmetler<\/strong><\/li>\n<\/ol>\n<ul>\n<li>Tesis Yo\u0308netimi<\/li>\n<li>Otelcilik Hizmetleri<\/li>\n<li>Malzeme ve Cihaz Yo\u0308netimi<\/li>\n<li>T\u0131bbi Kay\u0131t ve Ars\u0327iv Hizmetleri<\/li>\n<li>At\u0131k Yo\u0308netimi<\/li>\n<li>D\u0131s\u0327 Kaynak Kullan\u0131m\u0131<\/li>\n<\/ul>\n<ol start=\"5\">\n<li><strong> Go\u0308sterge Yo\u0308netimi<\/strong><\/li>\n<\/ol>\n<ul>\n<li>Go\u0308stergelerin I\u0307zlenmesi<\/li>\n<li>Kalite Go\u0308stergeleri<\/li>\n<\/ul>\n\n\t\t<\/div>\n\t<\/div>\n<h2 style=\"font-size: 20px\" class=\"vc_custom_heading m-b-xs align-left\">Kalite Toplant\u0131lar\u0131m\u0131z<\/h2>\n\t<div class=\"wpb_text_column wpb_content_element\" >\n\t\t<div class=\"wpb_wrapper\">\n\t\t\t<p>Y\u0131l ic\u0327inde belli periyotlarla \u00a0Kalite Yo\u0308netim Direkto\u0308ru\u0308, E\u011fitim Hem\u015firesi, Enfeksiyon Hem\u015firesi, Mesul M\u00fcd\u00fcr\u00fcn kat\u0131l\u0131m\u0131yla\u00a0kalite toplant\u0131lar\u0131 yap\u0131lmaktad\u0131r.<\/p>\n\n\t\t<\/div>\n\t<\/div>\n<h2 style=\"font-size: 20px\" class=\"vc_custom_heading m-b-xs align-left\">I\u0307stenmeyen Olay Bildirim Sistemi<\/h2>\n\t<div class=\"wpb_text_column wpb_content_element\" >\n\t\t<div class=\"wpb_wrapper\">\n\t\t\t<p>O\u0308zel \u00c7ukurova Diyaliz Merkezlerimizde<\/p>\n<ul>\n<li>Hasta ve c\u0327al\u0131s\u0327anlar\u0131n gu\u0308venlig\u0306ini tehdit edebilecek, gerc\u0327ekles\u0327mek u\u0308zereyken son anda gerc\u0327ekles\u0327meyen (ramak kala) ya da gerc\u0327ekles\u0327en istenmeyen olaylar\u0131n bildirilmesini sag\u0306lamak<\/li>\n<li>Bu olaylar\u0131 izlemek<\/li>\n<li>Bildirimlerin sonucunda bu olaylara yo\u0308nelik gerekli o\u0308nlemlerin al\u0131nmas\u0131n\u0131 sag\u0306lamaya yo\u0308nelik I\u0307stenmeyen Olay Bildirim Sistemi kurulmus\u0327tur.<\/li>\n<\/ul>\n\n\t\t<\/div>\n\t<\/div>\n<h2 style=\"font-size: 20px\" class=\"vc_custom_heading m-b-xs align-left\">Fiziksel Alan Denetimleri<\/h2>\n\t<div class=\"wpb_text_column wpb_content_element\" >\n\t\t<div class=\"wpb_wrapper\">\n\t\t\t<p>Kurumumuzda; Hasta, hasta yak\u0131nlar\u0131 ve c\u0327al\u0131s\u0327anlar ic\u0327in su\u0308rekli, gu\u0308venli ve kolay ulas\u0327\u0131labilir nitelikte klinik fiziki kos\u0327ullar\u0131 ve teknik altyap\u0131s\u0131n\u0131 olus\u0327turmak amac\u0131yla du\u0308zenli aral\u0131klarla bina turlar\u0131 yap\u0131lmaktad\u0131r. O\u0308zel Mersin Diyaliz Merkezi yo\u0308netimince olus\u0327turulan ekip, diyaliz merkezlerinin bu\u0308yu\u0308klu\u0308g\u0306u\u0308 dikkate al\u0131narak diyaliz merkezinde yu\u0308ru\u0308tu\u0308len c\u0327al\u0131s\u0327malar\u0131n etkililig\u0306ini, su\u0308reklilig\u0306ini ve sistematiklig\u0306ini sag\u0306layacak s\u0327ekilde tan\u0131mlanm\u0131s\u0327t\u0131r. Bina turlar\u0131nda diyaliz merkezlerimizde ki fiziksel durum ve is\u0327leyis\u0327 ile ilgili aksakl\u0131klar tespit edilerek gerekli iyiles\u0327tirmeler yap\u0131lmaktad\u0131r.<\/p>\n\n\t\t<\/div>\n\t<\/div>\n<h2 style=\"font-size: 20px\" class=\"vc_custom_heading m-b-xs align-left\">O\u0308zdeg\u0306erlendirme Su\u0308reci<\/h2>\n\t<div class=\"wpb_text_column wpb_content_element\" >\n\t\t<div class=\"wpb_wrapper\">\n\t\t\t<p>Sag\u0306l\u0131kta Kalite Standartlar\u0131 (SKS-Diyaliz) kapsam\u0131nda, diyaliz merkezlerimizde y\u0131lda 2 defa o\u0308zdeg\u0306erlendirme (ic\u0327 denetim) yap\u0131lmaktad\u0131r.<\/p>\n<ul>\n<li>O\u0308zdeg\u0306erlendirme ekibi; Kalite Y\u00f6netim Direkt\u00f6r\u00fc, Teknisyen,\u00a0Mesul M\u00fcd\u00fcr, E\u011fitim Hem\u015firesinden olus\u0327maktad\u0131r.<\/li>\n<li>O\u0308zdeg\u0306erlendirme (ic\u0327 denetim), y\u0131lda 2 defa yap\u0131l\u0131r.<\/li>\n<li>O\u0308zdeg\u0306erlendirme plan\u0131, Sag\u0306l\u0131kta Kalite Standartlar\u0131-Diyaliz ic\u0327inde yer alan bo\u0308lu\u0308mlerin hepsini kapsayacak s\u0327ekilde haz\u0131rlan\u0131r.<\/li>\n<li>O\u0308zdeg\u0306erlendirme (ic\u0327 denetim) o\u0308ncesinde tu\u0308m diyaliz merkezleri, denetim takvimi ve plan\u0131 konusunda mail yolu ile bilgilendirilir.<\/li>\n<\/ul>\n<p>&nbsp;<\/p>\n<p>*Yukar\u0131daki metin haz\u0131rlan\u0131rken Sag\u0306l\u0131kta Kalite ve Akreditasyon Daire Bas\u0327kanl\u0131g\u0306\u0131nca haz\u0131rlanan Sag\u0306l\u0131kta Kalite Standartlar\u0131-Diyaliz Setinden yararlan\u0131lm\u0131s\u0327t\u0131r.<\/p>\n\n\t\t<\/div>\n\t<\/div>\n<\/div><\/div><\/div>","protected":false},"excerpt":{"rendered":"Amac\u0131m\u0131z, kalite yo\u0308netim sistemi (KYS) nin kurum ic\u0327inde uygulanmas\u0131n\u0131 sag\u0306layarak hasta ve c\u0327al\u0131s\u0327an gu\u0308venlig\u0306i ile hasta ve c\u0327al\u0131s\u0327an memnuniyetini artt\u0131rmak, su\u0308rekli kalite gelis\u0327imini kurum ku\u0308ltu\u0308ru\u0308 haline getirerek Sag\u0306l\u0131kta Kalite Diyaliz Standartlar\u0131 ve uluslararas\u0131 standartlara uygun bir s\u0327ekilde hastalar\u0131m\u0131za hizmet sunmakt\u0131r. Kalite Yo\u0308netim Sistemimiz O\u0308zel Mersin Diyaliz Merkezlerimizde kalite c\u0327al\u0131s\u0327malar\u0131, yo\u0308netimin ve klinik kalite sorumlular\u0131n\u0131n desteg\u0306i [...]","protected":false},"author":1,"featured_media":0,"parent":0,"menu_order":0,"comment_status":"closed","ping_status":"closed","template":"","meta":{"footnotes":""},"class_list":["post-382","page","type-page","status-publish","hentry"],"_links":{"self":[{"href":"https:\/\/www.mersindiyaliz.com.tr\/en\/wp-json\/wp\/v2\/pages\/382","targetHints":{"allow":["GET"]}}],"collection":[{"href":"https:\/\/www.mersindiyaliz.com.tr\/en\/wp-json\/wp\/v2\/pages"}],"about":[{"href":"https:\/\/www.mersindiyaliz.com.tr\/en\/wp-json\/wp\/v2\/types\/page"}],"author":[{"embeddable":true,"href":"https:\/\/www.mersindiyaliz.com.tr\/en\/wp-json\/wp\/v2\/users\/1"}],"replies":[{"embeddable":true,"href":"https:\/\/www.mersindiyaliz.com.tr\/en\/wp-json\/wp\/v2\/comments?post=382"}],"version-history":[{"count":10,"href":"https:\/\/www.mersindiyaliz.com.tr\/en\/wp-json\/wp\/v2\/pages\/382\/revisions"}],"predecessor-version":[{"id":528,"href":"https:\/\/www.mersindiyaliz.com.tr\/en\/wp-json\/wp\/v2\/pages\/382\/revisions\/528"}],"wp:attachment":[{"href":"https:\/\/www.mersindiyaliz.com.tr\/en\/wp-json\/wp\/v2\/media?parent=382"}],"curies":[{"name":"wp","href":"https:\/\/api.w.org\/{rel}","templated":true}]}}