{"id":391,"date":"2022-06-25T08:17:23","date_gmt":"2022-06-25T08:17:23","guid":{"rendered":"https:\/\/www.mersindiyaliz.com.tr\/?page_id=391"},"modified":"2022-06-27T17:37:24","modified_gmt":"2022-06-27T17:37:24","slug":"hasta-ulasimi","status":"publish","type":"page","link":"https:\/\/www.mersindiyaliz.com.tr\/en\/hasta-ulasimi\/","title":{"rendered":"Patient Transportation"},"content":{"rendered":"<div class=\"vc_row wpb_row row top-row\"><div class=\"vc_column_container col-md-12\"><div class=\"wpb_wrapper vc_column-inner\"><h2  class=\"vc_custom_heading m-b-md align-left\">Patient Transportation<\/h2><\/div><\/div><\/div><div class=\"vc_row wpb_row row top-row\"><div class=\"vc_column_container col-md-6\"><div class=\"wpb_wrapper vc_column-inner\">\n\t<div class=\"wpb_text_column wpb_content_element\" >\n\t\t<div class=\"wpb_wrapper\">\n\t\t\t<p><span style=\"font-weight: 400;\">Our patients are taken from their homes by our air-conditioned and modern service vehicles.\u00a0<\/span><\/p>\n<p><span style=\"font-weight: 400;\">Our service vehicles are disinfected after each patient transfer.<\/span><span style=\"font-weight: 400;\">\u00a0<\/span><\/p>\n<p style=\"text-align: justify;\"><span style=\"font-weight: 400;\">Companion support is provided to our patients who have difficulty in walking and need help with vision and walking disabilities.<\/span><\/p>\n\n\t\t<\/div>\n\t<\/div>\n<\/div><\/div><div class=\"vc_column_container col-md-6\"><div class=\"wpb_wrapper vc_column-inner\"><div class=\"wpb_gallery wpb_content_element vc_clearfix\" ><div class=\"wpb_wrapper\"><div class=\"wpb_gallery_slides wpb_flexslider flexslider_fade flexslider\" data-interval=\"3\" data-flex_fx=\"fade\"><ul class=\"slides\"><li><a class=\"prettyphoto\" href=\"https:\/\/www.mersindiyaliz.com.tr\/wp-content\/uploads\/2022\/06\/ulasim-1-1.jpg\" data-rel=\"prettyPhoto[rel-391-2993402163]\"><img loading=\"lazy\" decoding=\"async\" width=\"800\" height=\"700\" src=\"https:\/\/www.mersindiyaliz.com.tr\/wp-content\/uploads\/2022\/06\/ulasim-1-1.jpg\" class=\"attachment-full\" alt=\"\" srcset=\"https:\/\/www.mersindiyaliz.com.tr\/wp-content\/uploads\/2022\/06\/ulasim-1-1.jpg 800w, https:\/\/www.mersindiyaliz.com.tr\/wp-content\/uploads\/2022\/06\/ulasim-1-1-768x672.jpg 768w, https:\/\/www.mersindiyaliz.com.tr\/wp-content\/uploads\/2022\/06\/ulasim-1-1-640x560.jpg 640w, https:\/\/www.mersindiyaliz.com.tr\/wp-content\/uploads\/2022\/06\/ulasim-1-1-400x350.jpg 400w\" sizes=\"auto, (max-width: 800px) 100vw, 800px\" \/><\/a><\/li><li><a class=\"prettyphoto\" href=\"https:\/\/www.mersindiyaliz.com.tr\/wp-content\/uploads\/2022\/06\/ulasim-2-1.jpg\" data-rel=\"prettyPhoto[rel-391-2993402163]\"><img loading=\"lazy\" decoding=\"async\" width=\"800\" height=\"700\" src=\"https:\/\/www.mersindiyaliz.com.tr\/wp-content\/uploads\/2022\/06\/ulasim-2-1.jpg\" class=\"attachment-full\" alt=\"\" srcset=\"https:\/\/www.mersindiyaliz.com.tr\/wp-content\/uploads\/2022\/06\/ulasim-2-1.jpg 800w, https:\/\/www.mersindiyaliz.com.tr\/wp-content\/uploads\/2022\/06\/ulasim-2-1-768x672.jpg 768w, https:\/\/www.mersindiyaliz.com.tr\/wp-content\/uploads\/2022\/06\/ulasim-2-1-640x560.jpg 640w, https:\/\/www.mersindiyaliz.com.tr\/wp-content\/uploads\/2022\/06\/ulasim-2-1-400x350.jpg 400w\" sizes=\"auto, (max-width: 800px) 100vw, 800px\" \/><\/a><\/li><\/ul><\/div><\/div><\/div><\/div><\/div><\/div>","protected":false},"excerpt":{"rendered":"Hasta Ula\u015f\u0131m\u0131 Hastalar\u0131m\u0131z klimal\u0131 ve modern servis ara\u00e7lar\u0131m\u0131z ile evlerinden al\u0131n\u0131p b\u0131rak\u0131lmaktad\u0131r.\u00a0 Her hasta transferi sonras\u0131nda servis ara\u00e7lar\u0131m\u0131z dezenfekte edilmektedir.\u00a0 Y\u00fcr\u00fcme zorlu\u011fu \u00e7eken, g\u00f6arme ve y\u00fcr\u00fcme engelli yard\u0131ma ihtiyac\u0131 olan hastalar\u0131m\u0131za refakat\u00e7i deste\u011fi sa\u011flanmaktad\u0131r.","protected":false},"author":1,"featured_media":0,"parent":0,"menu_order":0,"comment_status":"closed","ping_status":"closed","template":"","meta":{"footnotes":""},"class_list":["post-391","page","type-page","status-publish","hentry"],"_links":{"self":[{"href":"https:\/\/www.mersindiyaliz.com.tr\/en\/wp-json\/wp\/v2\/pages\/391","targetHints":{"allow":["GET"]}}],"collection":[{"href":"https:\/\/www.mersindiyaliz.com.tr\/en\/wp-json\/wp\/v2\/pages"}],"about":[{"href":"https:\/\/www.mersindiyaliz.com.tr\/en\/wp-json\/wp\/v2\/types\/page"}],"author":[{"embeddable":true,"href":"https:\/\/www.mersindiyaliz.com.tr\/en\/wp-json\/wp\/v2\/users\/1"}],"replies":[{"embeddable":true,"href":"https:\/\/www.mersindiyaliz.com.tr\/en\/wp-json\/wp\/v2\/comments?post=391"}],"version-history":[{"count":4,"href":"https:\/\/www.mersindiyaliz.com.tr\/en\/wp-json\/wp\/v2\/pages\/391\/revisions"}],"predecessor-version":[{"id":484,"href":"https:\/\/www.mersindiyaliz.com.tr\/en\/wp-json\/wp\/v2\/pages\/391\/revisions\/484"}],"wp:attachment":[{"href":"https:\/\/www.mersindiyaliz.com.tr\/en\/wp-json\/wp\/v2\/media?parent=391"}],"curies":[{"name":"wp","href":"https:\/\/api.w.org\/{rel}","templated":true}]}}