{"id":393,"date":"2022-06-25T08:18:23","date_gmt":"2022-06-25T08:18:23","guid":{"rendered":"https:\/\/www.mersindiyaliz.com.tr\/?page_id=393"},"modified":"2022-06-27T17:08:05","modified_gmt":"2022-06-27T17:08:05","slug":"tedaviler","status":"publish","type":"page","link":"https:\/\/www.mersindiyaliz.com.tr\/en\/tedaviler\/","title":{"rendered":"Treatments"},"content":{"rendered":"<div class=\"vc_row wpb_row row top-row\"><div class=\"vc_column_container col-md-12\"><div class=\"wpb_wrapper vc_column-inner\"><h2  class=\"vc_custom_heading m-b-md align-left\">Treatments<\/h2><\/div><\/div><\/div><div class=\"vc_row wpb_row row top-row\"><div class=\"vc_column_container col-md-6\"><div class=\"wpb_wrapper vc_column-inner\">\n\t<div class=\"wpb_text_column wpb_content_element\" >\n\t\t<div class=\"wpb_wrapper\">\n\t\t\t<p style=\"text-align: justify;\"><span style=\"font-weight: 400;\">Blood analysis made in accordance with the dialysis treatment of the patients and the tests specially requested by the nephrologist or dialysis physician are sent to the contracted laboratory on the same day.<\/span><\/p>\n<p style=\"text-align: justify;\"><span style=\"font-weight: 400;\">The results of the tests are evaluated by the nephrologist and the treatments to be applied to the patients are determined and applied.<\/span><\/p>\n<p style=\"text-align: justify;\"><span style=\"font-weight: 400;\">Appointments are made from private hospitals, university hospitals and public hospitals of our patients for their health problems other than dialysis-related ailments and complaints, later the patients and their relatives are informed.<\/span><\/p>\n<p style=\"text-align: justify;\"><span style=\"font-weight: 400;\">Resmi Kurum, SGK ve yabanc\u0131 \u00fclke vatanda\u015flar\u0131na anla\u015fmal\u0131 olarak hizmet veren merkezimizde ek bir \u00fccret al\u0131nmamaktad\u0131r.<\/span><\/p>\n\n\t\t<\/div>\n\t<\/div>\n<\/div><\/div><div class=\"vc_column_container col-md-6\"><div class=\"wpb_wrapper vc_column-inner\"><div class=\"wpb_gallery wpb_content_element vc_clearfix\" ><div class=\"wpb_wrapper\"><div class=\"wpb_gallery_slides wpb_flexslider flexslider_fade flexslider\" data-interval=\"3\" data-flex_fx=\"fade\"><ul class=\"slides\"><li><a class=\"prettyphoto\" href=\"https:\/\/www.mersindiyaliz.com.tr\/wp-content\/uploads\/2022\/06\/tedavi-1.jpg\" data-rel=\"prettyPhoto[rel-393-3935595043]\"><img loading=\"lazy\" decoding=\"async\" width=\"800\" height=\"700\" src=\"https:\/\/www.mersindiyaliz.com.tr\/wp-content\/uploads\/2022\/06\/tedavi-1.jpg\" class=\"attachment-full\" alt=\"\" srcset=\"https:\/\/www.mersindiyaliz.com.tr\/wp-content\/uploads\/2022\/06\/tedavi-1.jpg 800w, https:\/\/www.mersindiyaliz.com.tr\/wp-content\/uploads\/2022\/06\/tedavi-1-768x672.jpg 768w, https:\/\/www.mersindiyaliz.com.tr\/wp-content\/uploads\/2022\/06\/tedavi-1-640x560.jpg 640w, https:\/\/www.mersindiyaliz.com.tr\/wp-content\/uploads\/2022\/06\/tedavi-1-400x350.jpg 400w\" sizes=\"auto, (max-width: 800px) 100vw, 800px\" \/><\/a><\/li><li><a class=\"prettyphoto\" href=\"https:\/\/www.mersindiyaliz.com.tr\/wp-content\/uploads\/2022\/06\/tedavi-2.jpg\" data-rel=\"prettyPhoto[rel-393-3935595043]\"><img loading=\"lazy\" decoding=\"async\" width=\"800\" height=\"700\" src=\"https:\/\/www.mersindiyaliz.com.tr\/wp-content\/uploads\/2022\/06\/tedavi-2.jpg\" class=\"attachment-full\" alt=\"\" srcset=\"https:\/\/www.mersindiyaliz.com.tr\/wp-content\/uploads\/2022\/06\/tedavi-2.jpg 800w, https:\/\/www.mersindiyaliz.com.tr\/wp-content\/uploads\/2022\/06\/tedavi-2-768x672.jpg 768w, https:\/\/www.mersindiyaliz.com.tr\/wp-content\/uploads\/2022\/06\/tedavi-2-640x560.jpg 640w, https:\/\/www.mersindiyaliz.com.tr\/wp-content\/uploads\/2022\/06\/tedavi-2-400x350.jpg 400w\" sizes=\"auto, (max-width: 800px) 100vw, 800px\" \/><\/a><\/li><\/ul><\/div><\/div><\/div><\/div><\/div><\/div>","protected":false},"excerpt":{"rendered":"Tedaviler Hastalar\u0131n diyaliz tedavisine uygun olarak yap\u0131lan tahlilleri ile nefrolog veya diyaliz hekiminin \u00f6zel olarak istedi\u011fi tahlilleri anla\u015fmal\u0131 oldu\u011fumuz laboratuvara ayn\u0131 g\u00fcn i\u00e7inde g\u00f6nderilir. Sonu\u00e7lanan tahliller nefrolog taraf\u0131ndan de\u011ferlendirilerek hastalara uygulanacak tedaviler belirlenerek uygulan\u0131r. Hastalar\u0131m\u0131z\u0131n diyalize ba\u011fl\u0131 rahats\u0131zl\u0131k ve \u015fikayetlerinin d\u0131\u015f\u0131ndaki di\u011fer \u015fikayetlerine y\u00f6nelik sorunlar\u0131 i\u00e7in istedikleri \u00f6zel hastane, \u00fcniversite hastanesi ve kamu hastanelerinden randevular\u0131 [...]","protected":false},"author":1,"featured_media":0,"parent":0,"menu_order":0,"comment_status":"closed","ping_status":"closed","template":"","meta":{"footnotes":""},"class_list":["post-393","page","type-page","status-publish","hentry"],"_links":{"self":[{"href":"https:\/\/www.mersindiyaliz.com.tr\/en\/wp-json\/wp\/v2\/pages\/393","targetHints":{"allow":["GET"]}}],"collection":[{"href":"https:\/\/www.mersindiyaliz.com.tr\/en\/wp-json\/wp\/v2\/pages"}],"about":[{"href":"https:\/\/www.mersindiyaliz.com.tr\/en\/wp-json\/wp\/v2\/types\/page"}],"author":[{"embeddable":true,"href":"https:\/\/www.mersindiyaliz.com.tr\/en\/wp-json\/wp\/v2\/users\/1"}],"replies":[{"embeddable":true,"href":"https:\/\/www.mersindiyaliz.com.tr\/en\/wp-json\/wp\/v2\/comments?post=393"}],"version-history":[{"count":3,"href":"https:\/\/www.mersindiyaliz.com.tr\/en\/wp-json\/wp\/v2\/pages\/393\/revisions"}],"predecessor-version":[{"id":408,"href":"https:\/\/www.mersindiyaliz.com.tr\/en\/wp-json\/wp\/v2\/pages\/393\/revisions\/408"}],"wp:attachment":[{"href":"https:\/\/www.mersindiyaliz.com.tr\/en\/wp-json\/wp\/v2\/media?parent=393"}],"curies":[{"name":"wp","href":"https:\/\/api.w.org\/{rel}","templated":true}]}}