{"id":395,"date":"2022-06-25T08:19:22","date_gmt":"2022-06-25T08:19:22","guid":{"rendered":"https:\/\/www.mersindiyaliz.com.tr\/?page_id=395"},"modified":"2022-06-27T17:09:13","modified_gmt":"2022-06-27T17:09:13","slug":"klinik-tasarimi","status":"publish","type":"page","link":"https:\/\/www.mersindiyaliz.com.tr\/en\/klinik-tasarimi\/","title":{"rendered":"Clinic Design"},"content":{"rendered":"<div class=\"vc_row wpb_row row top-row\"><div class=\"vc_column_container col-md-12\"><div class=\"wpb_wrapper vc_column-inner\"><h2  class=\"vc_custom_heading m-b-md align-left\">Clinic Design<\/h2><\/div><\/div><\/div><div class=\"vc_row wpb_row row top-row\"><div class=\"vc_column_container col-md-6\"><div class=\"wpb_wrapper vc_column-inner\">\n\t<div class=\"wpb_text_column wpb_content_element\" >\n\t\t<div class=\"wpb_wrapper\">\n\t\t\t<p style=\"text-align: justify;\"><span style=\"font-weight: 400;\">Our treatment rooms are designed in accordance with the quality standards in health, taking into account the rules of infection.<\/span><\/p>\n<p style=\"text-align: justify;\"><span style=\"font-weight: 400;\">In our dialysis center, sensored soap dispensers, faucets, paper towel holders and sensored doors are used to prevent possible infections.<\/span><\/p>\n<p style=\"text-align: justify;\"><span style=\"font-weight: 400;\">There is a curtain system between all patient beds to ensure patient privacy.<\/span><\/p>\n<p style=\"text-align: justify;\"><span style=\"font-weight: 400;\">A nurse's desk has been designed to see all our patients and the treatment room.<\/span><\/p>\n<p style=\"text-align: justify;\"><span style=\"font-weight: 400;\">Each patient bed has a special headset system and a TV unit. Access to music, movies and TV series is easy with unlimited internet service.<\/span><\/p>\n\n\t\t<\/div>\n\t<\/div>\n<\/div><\/div><div class=\"vc_column_container col-md-6\"><div class=\"wpb_wrapper vc_column-inner\">\n\t<div class=\"wpb_single_image wpb_content_element vc_align_left\">\n\t\t<div class=\"wpb_wrapper\">\n\t\t\t\n\t\t\t<div class=\"vc_single_image-wrapper   vc_box_border_grey\"><img loading=\"lazy\" decoding=\"async\" width=\"800\" height=\"533\" src=\"https:\/\/www.mersindiyaliz.com.tr\/wp-content\/uploads\/2022\/06\/klinik-tasarimi.jpg\" class=\"vc_single_image-img attachment-full\" alt=\"\" srcset=\"https:\/\/www.mersindiyaliz.com.tr\/wp-content\/uploads\/2022\/06\/klinik-tasarimi.jpg 800w, https:\/\/www.mersindiyaliz.com.tr\/wp-content\/uploads\/2022\/06\/klinik-tasarimi-768x512.jpg 768w, https:\/\/www.mersindiyaliz.com.tr\/wp-content\/uploads\/2022\/06\/klinik-tasarimi-640x426.jpg 640w, https:\/\/www.mersindiyaliz.com.tr\/wp-content\/uploads\/2022\/06\/klinik-tasarimi-400x267.jpg 400w\" sizes=\"auto, (max-width: 800px) 100vw, 800px\" \/><\/div>\n\t\t<\/div>\n\t<\/div>\n<\/div><\/div><\/div>","protected":false},"excerpt":{"rendered":"Klinik Tasar\u0131m\u0131 Tedavi salonlar\u0131m\u0131z sa\u011fl\u0131kta kalite standartlar\u0131na uygun olarak enfeksiyon kurallar\u0131 dikkate al\u0131narak tasarlanm\u0131\u015ft\u0131r. Diyaliz merkezimizde olas\u0131 enfeksiyonlar\u0131 \u00f6nlemek i\u00e7in sens\u00f6rl\u00fc sabunluklar, musluklar, k\u00e2\u011f\u0131t havluluklar ile sens\u00f6rl\u00fc kap\u0131lar kullan\u0131lmaktad\u0131r. Hasta mahremiyetini sa\u011flamaya y\u00f6nelik t\u00fcm hasta yataklar\u0131n\u0131n aras\u0131nda perde sistemi mevcuttur. T\u00fcm hastalar\u0131m\u0131z\u0131 ve tedavi salonunu g\u00f6rebilecek \u015fekilde hem\u015fire masas\u0131 dizayn edilmi\u015ftir. Her bir hasta yata\u011f\u0131nda [...]","protected":false},"author":1,"featured_media":0,"parent":0,"menu_order":0,"comment_status":"closed","ping_status":"closed","template":"","meta":{"footnotes":""},"class_list":["post-395","page","type-page","status-publish","hentry"],"_links":{"self":[{"href":"https:\/\/www.mersindiyaliz.com.tr\/en\/wp-json\/wp\/v2\/pages\/395","targetHints":{"allow":["GET"]}}],"collection":[{"href":"https:\/\/www.mersindiyaliz.com.tr\/en\/wp-json\/wp\/v2\/pages"}],"about":[{"href":"https:\/\/www.mersindiyaliz.com.tr\/en\/wp-json\/wp\/v2\/types\/page"}],"author":[{"embeddable":true,"href":"https:\/\/www.mersindiyaliz.com.tr\/en\/wp-json\/wp\/v2\/users\/1"}],"replies":[{"embeddable":true,"href":"https:\/\/www.mersindiyaliz.com.tr\/en\/wp-json\/wp\/v2\/comments?post=395"}],"version-history":[{"count":2,"href":"https:\/\/www.mersindiyaliz.com.tr\/en\/wp-json\/wp\/v2\/pages\/395\/revisions"}],"predecessor-version":[{"id":404,"href":"https:\/\/www.mersindiyaliz.com.tr\/en\/wp-json\/wp\/v2\/pages\/395\/revisions\/404"}],"wp:attachment":[{"href":"https:\/\/www.mersindiyaliz.com.tr\/en\/wp-json\/wp\/v2\/media?parent=395"}],"curies":[{"name":"wp","href":"https:\/\/api.w.org\/{rel}","templated":true}]}}