{"id":506,"date":"2022-11-24T06:38:16","date_gmt":"2022-11-24T06:38:16","guid":{"rendered":"https:\/\/www.mersindiyaliz.com.tr\/?page_id=506"},"modified":"2025-08-12T11:38:47","modified_gmt":"2025-08-12T11:38:47","slug":"doktorlarimiz","status":"publish","type":"page","link":"https:\/\/www.mersindiyaliz.com.tr\/en\/doktorlarimiz\/","title":{"rendered":"Doktorlar\u0131m\u0131z"},"content":{"rendered":"<div class=\"vc_row wpb_row row top-row\"><div class=\"vc_column_container col-md-2\"><div class=\"wpb_wrapper vc_column-inner\"><\/div><\/div><div class=\"vc_column_container col-md-4\"><div class=\"wpb_wrapper vc_column-inner\">\n\t<div class=\"wpb_single_image wpb_content_element vc_align_left\">\n\t\t<div class=\"wpb_wrapper\">\n\t\t\t\n\t\t\t<a href=\"https:\/\/www.mersindiyaliz.com.tr\/en\/dr-erkan-kayali\/\" target=\"_self\"><div class=\"vc_single_image-wrapper   vc_box_border_grey\"><img loading=\"lazy\" decoding=\"async\" width=\"1178\" height=\"1586\" src=\"https:\/\/www.mersindiyaliz.com.tr\/wp-content\/uploads\/2025\/08\/WhatsApp-Image-2025-07-28-at-15.11.21.jpeg\" class=\"vc_single_image-img attachment-full\" alt=\"\" srcset=\"https:\/\/www.mersindiyaliz.com.tr\/wp-content\/uploads\/2025\/08\/WhatsApp-Image-2025-07-28-at-15.11.21.jpeg 1178w, https:\/\/www.mersindiyaliz.com.tr\/wp-content\/uploads\/2025\/08\/WhatsApp-Image-2025-07-28-at-15.11.21-761x1024.jpeg 761w, https:\/\/www.mersindiyaliz.com.tr\/wp-content\/uploads\/2025\/08\/WhatsApp-Image-2025-07-28-at-15.11.21-768x1034.jpeg 768w, https:\/\/www.mersindiyaliz.com.tr\/wp-content\/uploads\/2025\/08\/WhatsApp-Image-2025-07-28-at-15.11.21-1141x1536.jpeg 1141w, https:\/\/www.mersindiyaliz.com.tr\/wp-content\/uploads\/2025\/08\/WhatsApp-Image-2025-07-28-at-15.11.21-640x862.jpeg 640w, https:\/\/www.mersindiyaliz.com.tr\/wp-content\/uploads\/2025\/08\/WhatsApp-Image-2025-07-28-at-15.11.21-400x539.jpeg 400w\" sizes=\"auto, (max-width: 1178px) 100vw, 1178px\" \/><\/div><\/a>\n\t\t<\/div>\n\t<\/div>\n\n\t<div class=\"wpb_text_column wpb_content_element\" >\n\t\t<div class=\"wpb_wrapper\">\n\t\t\t<p style=\"text-align: center;\"><span style=\"font-size: 17px;\"><a href=\"https:\/\/www.mersindiyaliz.com.tr\/en\/dr-erkan-kayali\/\"><strong>Dr. Dilruba Deveci<br \/>\n<\/strong><\/a>Diyaliz Hekimi<\/span><\/p>\n\n\t\t<\/div>\n\t<\/div>\n<\/div><\/div><div class=\"vc_column_container col-md-4\"><div class=\"wpb_wrapper vc_column-inner\">\n\t<div class=\"wpb_single_image wpb_content_element vc_align_left\">\n\t\t<div class=\"wpb_wrapper\">\n\t\t\t\n\t\t\t<a href=\"https:\/\/www.mersindiyaliz.com.tr\/en\/uzm-dr-siddig-momin-adam\/\" target=\"_self\"><div class=\"vc_single_image-wrapper   vc_box_border_grey\"><img loading=\"lazy\" decoding=\"async\" width=\"964\" height=\"1330\" src=\"https:\/\/www.mersindiyaliz.com.tr\/wp-content\/uploads\/2025\/08\/WhatsApp-Image-2025-07-28-at-15.11.14.jpeg\" class=\"vc_single_image-img attachment-full\" alt=\"\" srcset=\"https:\/\/www.mersindiyaliz.com.tr\/wp-content\/uploads\/2025\/08\/WhatsApp-Image-2025-07-28-at-15.11.14.jpeg 964w, https:\/\/www.mersindiyaliz.com.tr\/wp-content\/uploads\/2025\/08\/WhatsApp-Image-2025-07-28-at-15.11.14-742x1024.jpeg 742w, https:\/\/www.mersindiyaliz.com.tr\/wp-content\/uploads\/2025\/08\/WhatsApp-Image-2025-07-28-at-15.11.14-768x1060.jpeg 768w, https:\/\/www.mersindiyaliz.com.tr\/wp-content\/uploads\/2025\/08\/WhatsApp-Image-2025-07-28-at-15.11.14-640x883.jpeg 640w, https:\/\/www.mersindiyaliz.com.tr\/wp-content\/uploads\/2025\/08\/WhatsApp-Image-2025-07-28-at-15.11.14-400x552.jpeg 400w\" sizes=\"auto, (max-width: 964px) 100vw, 964px\" \/><\/div><\/a>\n\t\t<\/div>\n\t<\/div>\n\n\t<div class=\"wpb_text_column wpb_content_element\" >\n\t\t<div class=\"wpb_wrapper\">\n\t\t\t<p style=\"text-align: center;\"><span style=\"font-size: 17px;\"><a href=\"https:\/\/www.mersindiyaliz.com.tr\/en\/uzm-dr-siddig-momin-adam\/\"><strong>\u00a0Uzm. Dr. G\u00f6n\u00fcl ALTUN<br \/>\n<\/strong><\/a>Nefroloji, \u0130\u00e7 Hastal\u0131klar\u0131<\/span><\/p>\n\n\t\t<\/div>\n\t<\/div>\n<\/div><\/div><div class=\"vc_column_container col-md-2\"><div class=\"wpb_wrapper vc_column-inner\"><\/div><\/div><\/div>","protected":false},"excerpt":{"rendered":"Dr. Dilruba Deveci Diyaliz Hekimi \u00a0Uzm. Dr. G\u00f6n\u00fcl ALTUN Nefroloji, \u0130\u00e7 Hastal\u0131klar\u0131","protected":false},"author":1,"featured_media":0,"parent":0,"menu_order":0,"comment_status":"closed","ping_status":"closed","template":"","meta":{"footnotes":""},"class_list":["post-506","page","type-page","status-publish","hentry"],"_links":{"self":[{"href":"https:\/\/www.mersindiyaliz.com.tr\/en\/wp-json\/wp\/v2\/pages\/506","targetHints":{"allow":["GET"]}}],"collection":[{"href":"https:\/\/www.mersindiyaliz.com.tr\/en\/wp-json\/wp\/v2\/pages"}],"about":[{"href":"https:\/\/www.mersindiyaliz.com.tr\/en\/wp-json\/wp\/v2\/types\/page"}],"author":[{"embeddable":true,"href":"https:\/\/www.mersindiyaliz.com.tr\/en\/wp-json\/wp\/v2\/users\/1"}],"replies":[{"embeddable":true,"href":"https:\/\/www.mersindiyaliz.com.tr\/en\/wp-json\/wp\/v2\/comments?post=506"}],"version-history":[{"count":6,"href":"https:\/\/www.mersindiyaliz.com.tr\/en\/wp-json\/wp\/v2\/pages\/506\/revisions"}],"predecessor-version":[{"id":561,"href":"https:\/\/www.mersindiyaliz.com.tr\/en\/wp-json\/wp\/v2\/pages\/506\/revisions\/561"}],"wp:attachment":[{"href":"https:\/\/www.mersindiyaliz.com.tr\/en\/wp-json\/wp\/v2\/media?parent=506"}],"curies":[{"name":"wp","href":"https:\/\/api.w.org\/{rel}","templated":true}]}}