{"id":538,"date":"2025-03-10T12:44:38","date_gmt":"2025-03-10T12:44:38","guid":{"rendered":"https:\/\/www.mersindiyaliz.com.tr\/?page_id=538"},"modified":"2025-03-10T12:44:38","modified_gmt":"2025-03-10T12:44:38","slug":"uzm-dr-siddig-momin-adam","status":"publish","type":"page","link":"https:\/\/www.mersindiyaliz.com.tr\/en\/uzm-dr-siddig-momin-adam\/","title":{"rendered":"\u00a0Uzm. Dr. S\u0131dd\u0131g Momin ADAM"},"content":{"rendered":"<div class=\"vc_row wpb_row row top-row\"><div class=\"vc_column_container col-md-3\"><div class=\"wpb_wrapper vc_column-inner\">\n\t<div class=\"wpb_single_image wpb_content_element vc_align_left\">\n\t\t<div class=\"wpb_wrapper\">\n\t\t\t\n\t\t\t<div class=\"vc_single_image-wrapper   vc_box_border_grey\"><img loading=\"lazy\" decoding=\"async\" width=\"900\" height=\"1267\" src=\"https:\/\/www.mersindiyaliz.com.tr\/wp-content\/uploads\/2022\/11\/Uzm.-Dr.-Siddig-Momin-Adam.jpg\" class=\"vc_single_image-img attachment-full\" alt=\"\" srcset=\"https:\/\/www.mersindiyaliz.com.tr\/wp-content\/uploads\/2022\/11\/Uzm.-Dr.-Siddig-Momin-Adam.jpg 900w, https:\/\/www.mersindiyaliz.com.tr\/wp-content\/uploads\/2022\/11\/Uzm.-Dr.-Siddig-Momin-Adam-727x1024.jpg 727w, https:\/\/www.mersindiyaliz.com.tr\/wp-content\/uploads\/2022\/11\/Uzm.-Dr.-Siddig-Momin-Adam-768x1081.jpg 768w, https:\/\/www.mersindiyaliz.com.tr\/wp-content\/uploads\/2022\/11\/Uzm.-Dr.-Siddig-Momin-Adam-640x901.jpg 640w, https:\/\/www.mersindiyaliz.com.tr\/wp-content\/uploads\/2022\/11\/Uzm.-Dr.-Siddig-Momin-Adam-400x563.jpg 400w\" sizes=\"auto, (max-width: 900px) 100vw, 900px\" \/><\/div>\n\t\t<\/div>\n\t<\/div>\n<\/div><\/div><div class=\"vc_column_container col-md-9\"><div class=\"wpb_wrapper vc_column-inner\">\n\t<div class=\"wpb_text_column wpb_content_element\" >\n\t\t<div class=\"wpb_wrapper\">\n\t\t\t<p><strong>E\u011fitim ve Ge\u00e7mi\u015fi<\/strong><\/p>\n<p><strong>1981-1987 <\/strong>\u0130stanbul \u00dcniversitesi Cerrahpa\u015fa T\u0131p Fak\u00fcltesi<\/p>\n<p><strong>1990-1994 <\/strong>\u00c7ukurova \u00dcniversitesi Dahiliye Uzmanl\u0131\u011f\u0131<\/p>\n<p><strong>1994-1997 <\/strong>\u00c7ukurova \u00dcniversitesi Nefroloji Uzmanl\u0131\u011f\u0131<\/p>\n<p><strong>1997-2010 <\/strong>Adana Numune E\u011fitim ve Ara\u015ft\u0131rma Hastanesi<\/p>\n<p>&nbsp;<\/p>\n<p><strong>\u00dcyelikler<\/strong><\/p>\n<ul>\n<li>T\u00fcrk Hipertansiyon ve B\u00f6brek Hastal\u0131klar\u0131 Derne\u011fi \u00dcyesi<\/li>\n<li>T\u00fcrk Nefroloji Derne\u011fi \u00dcyesi<\/li>\n<li>European Dialysis and Transplant Association \u00dcyesi<\/li>\n<\/ul>\n<p>&nbsp;<\/p>\n<p><strong>Yay\u0131nlar<\/strong><\/p>\n<p><strong>Sagliker Syndrome: Uglifying Human Face Appearence in Severe and Late Secondary Hyperparathyroidism in Chronic Renal Failure<\/strong>, Seminars in Nephrology, Elsevier, 2004<\/p>\n<p><strong>International Study on Sagliker Syndrome and Uglifying Human Face Appearence in Severe and Late Secondary Hyperparathyroidism in Chronic Kidney Disease Patients<\/strong>, Journal of Renal Nutrition, 2008<\/p>\n<p><strong>Interdialytic blood pressure obtained by ambulatory blood pressure measurement and left ventricular structure in hypertensive hemodialysis patients<\/strong>, International Society for Hemodialysis, 2008<\/p>\n<p><strong>Neurologic Manifestations in Sagliker Syndrome: Uglifying Human Face Appearance in Severe and Late Secondary Hyperparathyroidism in Chronic Renal Failure Patients<\/strong>, Journal of Renal Nutrition, 2006<\/p>\n<p><strong>Cephalometric Evaluation of Patients With Sagliker Syndrome: Uglifying Human Face Appearance in Severe and Late Secondary Hyperparathyroidism in Chronic Renal Failure Patients<\/strong>, Journal of Renal Nutrition, 2006<\/p>\n<p><strong>Hipertansif Hemodiyaliz Hastalar\u0131nda \u0130ki Farkl\u0131 Tedavi Yakla\u015f\u0131m\u0131n\u0131n Kan Bas\u0131nc\u0131 ve Kardiyak Yap\u0131 \u00dczerindeki Etkisi: Prospektif, Kontroll\u00fc \u00c7al\u0131\u015fma<\/strong>, 23.Ulusal Nefroloji, Hipertansiyon, Diyaliz ve Transplantasyon Kongresi<\/p>\n<p><strong>Sagliker Syndrome (SS) and Uglyfying Human Face Appearence in Severe and Late Secondary Hyperparathyroidism (SH) in CKD<\/strong>, Nephrology Dialysis Transplantation, 2008<\/p>\n<p><strong>Hemodiyaliz Hastalar\u0131nda Arteryel Sertli\u011fin De\u011ferlendirilmesi ve \u0130li\u015fkili Risk Fakt\u00f6rleri<\/strong>, 23.Ulusal Nefroloji, Hipertansiyon, Diyaliz ve Transplantasyon Kongresi<\/p>\n<p><strong>Comparision Of Biochemical Nutritional Parameters and Bioimpedance \u0130ndexes in Hemodialysis Patients<\/strong>, XLIV Congress of the European Renal Association- European Diaylsis and Transplant Association, 2007<\/p>\n<p><strong>Comparision of Progression Rates of Coronary Artery Calcification in Eight-Hour and Four-Hour Thrice Weekly Hemodialysis<\/strong>, Nephrology Dialysis Transplantation, 2008<\/p>\n<p><strong>Hemodiyaliz Hastalar\u0131nda Biyokimyasal Beslenme Parametreleri ile Biyoimpedans \u0130ndekslerinin Kar\u015f\u0131la\u015ft\u0131r\u0131lmas\u0131<\/strong>, 23.Ulusal Nefroloji, Hipertansiyon, Diyaliz ve Transplantasyon Kongresi<\/p>\n\n\t\t<\/div>\n\t<\/div>\n<\/div><\/div><\/div>","protected":false},"excerpt":{"rendered":"E\u011fitim ve Ge\u00e7mi\u015fi 1981-1987 \u0130stanbul \u00dcniversitesi Cerrahpa\u015fa T\u0131p Fak\u00fcltesi 1990-1994 \u00c7ukurova \u00dcniversitesi Dahiliye Uzmanl\u0131\u011f\u0131 1994-1997 \u00c7ukurova \u00dcniversitesi Nefroloji Uzmanl\u0131\u011f\u0131 1997-2010 Adana Numune E\u011fitim ve Ara\u015ft\u0131rma Hastanesi &nbsp; \u00dcyelikler T\u00fcrk Hipertansiyon ve B\u00f6brek Hastal\u0131klar\u0131 Derne\u011fi \u00dcyesi T\u00fcrk Nefroloji Derne\u011fi \u00dcyesi European Dialysis and Transplant Association \u00dcyesi &nbsp; Yay\u0131nlar Sagliker Syndrome: Uglifying Human Face Appearence in Severe [...]","protected":false},"author":1,"featured_media":0,"parent":0,"menu_order":0,"comment_status":"closed","ping_status":"closed","template":"","meta":{"footnotes":""},"class_list":["post-538","page","type-page","status-publish","hentry"],"_links":{"self":[{"href":"https:\/\/www.mersindiyaliz.com.tr\/en\/wp-json\/wp\/v2\/pages\/538","targetHints":{"allow":["GET"]}}],"collection":[{"href":"https:\/\/www.mersindiyaliz.com.tr\/en\/wp-json\/wp\/v2\/pages"}],"about":[{"href":"https:\/\/www.mersindiyaliz.com.tr\/en\/wp-json\/wp\/v2\/types\/page"}],"author":[{"embeddable":true,"href":"https:\/\/www.mersindiyaliz.com.tr\/en\/wp-json\/wp\/v2\/users\/1"}],"replies":[{"embeddable":true,"href":"https:\/\/www.mersindiyaliz.com.tr\/en\/wp-json\/wp\/v2\/comments?post=538"}],"version-history":[{"count":1,"href":"https:\/\/www.mersindiyaliz.com.tr\/en\/wp-json\/wp\/v2\/pages\/538\/revisions"}],"predecessor-version":[{"id":539,"href":"https:\/\/www.mersindiyaliz.com.tr\/en\/wp-json\/wp\/v2\/pages\/538\/revisions\/539"}],"wp:attachment":[{"href":"https:\/\/www.mersindiyaliz.com.tr\/en\/wp-json\/wp\/v2\/media?parent=538"}],"curies":[{"name":"wp","href":"https:\/\/api.w.org\/{rel}","templated":true}]}}