{"id":541,"date":"2025-03-10T12:46:23","date_gmt":"2025-03-10T12:46:23","guid":{"rendered":"https:\/\/www.mersindiyaliz.com.tr\/?page_id=541"},"modified":"2025-03-10T12:46:23","modified_gmt":"2025-03-10T12:46:23","slug":"dr-erkan-kayali","status":"publish","type":"page","link":"https:\/\/www.mersindiyaliz.com.tr\/en\/dr-erkan-kayali\/","title":{"rendered":"Dr. Erkan KAYALI"},"content":{"rendered":"<div class=\"vc_row wpb_row row top-row\"><div class=\"vc_column_container col-md-3\"><div class=\"wpb_wrapper vc_column-inner\">\n\t<div class=\"wpb_single_image wpb_content_element vc_align_left\">\n\t\t<div class=\"wpb_wrapper\">\n\t\t\t\n\t\t\t<div class=\"vc_single_image-wrapper   vc_box_border_grey\"><img loading=\"lazy\" decoding=\"async\" width=\"568\" height=\"800\" src=\"https:\/\/www.mersindiyaliz.com.tr\/wp-content\/uploads\/2025\/03\/Dr-Erkan-KAYALI-1.jpg\" class=\"vc_single_image-img attachment-full\" alt=\"\" srcset=\"https:\/\/www.mersindiyaliz.com.tr\/wp-content\/uploads\/2025\/03\/Dr-Erkan-KAYALI-1.jpg 568w, https:\/\/www.mersindiyaliz.com.tr\/wp-content\/uploads\/2025\/03\/Dr-Erkan-KAYALI-1-400x563.jpg 400w\" sizes=\"auto, (max-width: 568px) 100vw, 568px\" \/><\/div>\n\t\t<\/div>\n\t<\/div>\n<\/div><\/div><div class=\"vc_column_container col-md-9\"><div class=\"wpb_wrapper vc_column-inner\">\n\t<div class=\"wpb_text_column wpb_content_element\" >\n\t\t<div class=\"wpb_wrapper\">\n\t\t\t<p><strong>1985- 1993<\/strong> \u00c7ukurova T\u0131p Fak\u00fcltesi<\/p>\n<p><strong>1993- 1996<\/strong> Konya Bey\u015fehir Devlet Hastanesi<\/p>\n<p><strong>1996- 1998<\/strong> Ni\u011fde Uluk\u0131\u015fla Sa\u011fl\u0131k Oca\u011f\u0131<\/p>\n<p><strong>1998- 1999<\/strong> Anamur<\/p>\n<p><strong>1999- 2002<\/strong> Mersin 112 Acil Servis<\/p>\n<p><strong>2002- 2007<\/strong> RNC Diyaliz Mersin<\/p>\n<p><strong>2007- 2024 <\/strong>Nefroloji Mersin Diyaliz<\/p>\n<p><strong>2024- \u2026<\/strong>\u00a0\u00a0\u00a0\u00a0\u00a0\u00a0 Mersin Diyaliz Merkezi<\/p>\n\n\t\t<\/div>\n\t<\/div>\n<\/div><\/div><\/div>","protected":false},"excerpt":{"rendered":"1985- 1993 \u00c7ukurova T\u0131p Fak\u00fcltesi 1993- 1996 Konya Bey\u015fehir Devlet Hastanesi 1996- 1998 Ni\u011fde Uluk\u0131\u015fla Sa\u011fl\u0131k Oca\u011f\u0131 1998- 1999 Anamur 1999- 2002 Mersin 112 Acil Servis 2002- 2007 RNC Diyaliz Mersin 2007- 2024 Nefroloji Mersin Diyaliz 2024- \u2026\u00a0\u00a0\u00a0\u00a0\u00a0\u00a0 Mersin Diyaliz Merkezi","protected":false},"author":1,"featured_media":0,"parent":0,"menu_order":0,"comment_status":"closed","ping_status":"closed","template":"","meta":{"footnotes":""},"class_list":["post-541","page","type-page","status-publish","hentry"],"_links":{"self":[{"href":"https:\/\/www.mersindiyaliz.com.tr\/en\/wp-json\/wp\/v2\/pages\/541","targetHints":{"allow":["GET"]}}],"collection":[{"href":"https:\/\/www.mersindiyaliz.com.tr\/en\/wp-json\/wp\/v2\/pages"}],"about":[{"href":"https:\/\/www.mersindiyaliz.com.tr\/en\/wp-json\/wp\/v2\/types\/page"}],"author":[{"embeddable":true,"href":"https:\/\/www.mersindiyaliz.com.tr\/en\/wp-json\/wp\/v2\/users\/1"}],"replies":[{"embeddable":true,"href":"https:\/\/www.mersindiyaliz.com.tr\/en\/wp-json\/wp\/v2\/comments?post=541"}],"version-history":[{"count":1,"href":"https:\/\/www.mersindiyaliz.com.tr\/en\/wp-json\/wp\/v2\/pages\/541\/revisions"}],"predecessor-version":[{"id":542,"href":"https:\/\/www.mersindiyaliz.com.tr\/en\/wp-json\/wp\/v2\/pages\/541\/revisions\/542"}],"wp:attachment":[{"href":"https:\/\/www.mersindiyaliz.com.tr\/en\/wp-json\/wp\/v2\/media?parent=541"}],"curies":[{"name":"wp","href":"https:\/\/api.w.org\/{rel}","templated":true}]}}