{"id":544,"date":"2025-03-10T13:06:14","date_gmt":"2025-03-10T13:06:14","guid":{"rendered":"https:\/\/www.mersindiyaliz.com.tr\/?page_id=544"},"modified":"2025-03-10T13:06:14","modified_gmt":"2025-03-10T13:06:14","slug":"ev-hemodiyalizi","status":"publish","type":"page","link":"https:\/\/www.mersindiyaliz.com.tr\/en\/ev-hemodiyalizi\/","title":{"rendered":"Ev Hemodiyalizi"},"content":{"rendered":"<div class=\"vc_row wpb_row row top-row\"><div class=\"vc_column_container col-md-12\"><div class=\"wpb_wrapper vc_column-inner\"><h2  class=\"vc_custom_heading m-b-md align-left\">Ev Hemodiyalizi<\/h2><\/div><\/div><\/div><div class=\"vc_row wpb_row row top-row\"><div class=\"vc_column_container col-md-12\"><div class=\"wpb_wrapper vc_column-inner\">\n\t<div class=\"wpb_single_image wpb_content_element vc_align_left\">\n\t\t<div class=\"wpb_wrapper\">\n\t\t\t\n\t\t\t<div class=\"vc_single_image-wrapper   vc_box_border_grey\"><img loading=\"lazy\" decoding=\"async\" width=\"450\" height=\"97\" src=\"https:\/\/www.mersindiyaliz.com.tr\/wp-content\/uploads\/2025\/03\/Fresenius_Medical_Care_logo.svg_.png\" class=\"vc_single_image-img attachment-full\" alt=\"\" srcset=\"https:\/\/www.mersindiyaliz.com.tr\/wp-content\/uploads\/2025\/03\/Fresenius_Medical_Care_logo.svg_.png 450w, https:\/\/www.mersindiyaliz.com.tr\/wp-content\/uploads\/2025\/03\/Fresenius_Medical_Care_logo.svg_-400x86.png 400w\" sizes=\"auto, (max-width: 450px) 100vw, 450px\" \/><\/div>\n\t\t<\/div>\n\t<\/div>\n\n\t<div class=\"wpb_text_column wpb_content_element\" >\n\t\t<div class=\"wpb_wrapper\">\n\t\t\t<p><img loading=\"lazy\" decoding=\"async\" class=\"alignright wp-image-546 size-full\" src=\"https:\/\/www.mersindiyaliz.com.tr\/wp-content\/uploads\/2025\/03\/BAS011_4008S.jpg\" alt=\"\" width=\"450\" height=\"591\" srcset=\"https:\/\/www.mersindiyaliz.com.tr\/wp-content\/uploads\/2025\/03\/BAS011_4008S.jpg 450w, https:\/\/www.mersindiyaliz.com.tr\/wp-content\/uploads\/2025\/03\/BAS011_4008S-400x525.jpg 400w\" sizes=\"auto, (max-width: 450px) 100vw, 450px\" \/>Ev hemodiyalizi bir diyaliz cihaz\u0131 ve diyaliz\u00f6r olarak adland\u0131r\u0131lan sentetik membran kullan\u0131larak kan\u0131n\u0131z\u0131n v\u00fccut d\u0131\u015f\u0131nda filtre edilerek temizlemesini sa\u011flayan tedavi se\u00e7ene\u011fidir. S\u00fcre\u00e7 merkezdeki hemodiyaliz ile tamamen ayn\u0131d\u0131r.<\/p>\n<p>Ev hemodiyalizi sizin i\u00e7in do\u011fru tedavi se\u00e7ene\u011fi oldu\u011funda; doktorunuz ve hem\u015fireniz diyaliz cihaz\u0131 ve di\u011fer ekipmanlar\u0131n kurulmas\u0131, damar eri\u015fim yolunun uygun \u015fekilde tak\u0131lmas\u0131 ve ba\u015far\u0131l\u0131 \u015fekilde tedavilerinizin yap\u0131lmas\u0131 konusunda size e\u011fitim verecektir.<\/p>\n<p><strong>BA\u015eLAMADAN \u00d6NCE<\/strong><br \/>\nG\u00fcvenli ve efektif ev hemodiyalizi yap\u0131lmas\u0131 i\u00e7in temiz bir alana ihtiyac\u0131n\u0131z olacakt\u0131r. Tedavi s\u0131ras\u0131nda kullanmak \u00fczere rahat bir koltuk veya yatak gereklidir. Telefonunuz ihtiya\u00e7 halinde gerekli aramalar\u0131 yapabilmeniz i\u00e7in yan\u0131 ba\u015f\u0131n\u0131zda bulunmal\u0131d\u0131r.<\/p>\n<p>Diyaliz cihaz\u0131, su sistemi, ayl\u0131k sarf malzemeler, elektrik ve su tesisatlar\u0131n\u0131n kurulumu, projelendirme, ruhsat ve izinler dahil olmak \u00fczere ihtiyac\u0131n\u0131z olan her \u015fey merkezimiz taraf\u0131ndan hi\u00e7bir ek \u00fccret olmadan, tamamen \u00fccretsiz olarak size sa\u011flanacakt\u0131r.<\/p>\n<p><strong>K\u0130MLER TERC\u0130H ETMEL\u0130?<\/strong><br \/>\n\u2022 Aktif olarak bir i\u015fte \u00e7al\u0131\u015fan hastalar<br \/>\n\u2022 Gen\u00e7 hastalar<br \/>\n\u2022 Yata\u011fa ba\u011f\u0131ml\u0131 ve y\u00fcr\u00fcme engeli olan hastalar<br \/>\n\u2022 Ev konforunda tedavi olmak isteyen hastalar<br \/>\n\u2022 Yak\u0131n\u0131nda diyaliz merkezi bulunmayan, merkeze uzak yerlerde ya\u015fayan hastalar<\/p>\n<p><strong>Ev Hemodiyalizine Haz\u0131rl\u0131k<\/strong><br \/>\nEv hemodiyalizine ba\u015flamadan \u00f6nce, tedavinin g\u00fcvenli ve ba\u015far\u0131l\u0131 \u015fekilde ger\u00e7ekle\u015ftirilmesi i\u00e7in 4-6 haftal\u0131k bir kursu tamamlaman\u0131z gereklidir. Ayr\u0131ca size bak\u0131m sa\u011flayan bir yard\u0131mc\u0131ya da ihtiya\u00e7 duyabilirsiniz ve bu nedenle, onun da e\u011fitimi almas\u0131 gerekli olacakt\u0131r. Bu yard\u0131mc\u0131 e\u015finiz, \u00e7ocuklar\u0131n\u0131z, aile yak\u0131n\u0131n\u0131z, arkada\u015f\u0131n\u0131z olabilir.<\/p>\n<p><strong>Ev Hemodiyalizine Hemen Ba\u015flamak M\u00fcmk\u00fcn m\u00fc?<\/strong><br \/>\nEv Hemodiyalizine deneyimli bir diyaliz hem\u015firesi ile anla\u015ft\u0131\u011f\u0131n\u0131z takdirde gerekli izinlerin al\u0131nmas\u0131n\u0131n hemen ard\u0131ndan kurs s\u00fcresini beklemeden ba\u015flayabilirsiniz.<\/p>\n<p><strong>Evde Tedavi, Daha Fazla \u00d6zg\u00fcrl\u00fck<\/strong><br \/>\nBir klinik veya hastanede diyalize k\u0131yasla ev hemodiyalizi tedavisi; g\u00fcnl\u00fck programlar\u0131n\u0131z\u0131, hobilerinizi, \u00e7al\u0131\u015fma hayat\u0131n\u0131z\u0131 planlama konusunda daha fazla esneklik sa\u011flar. Aktif ya\u015fam\u0131n\u0131z devam ederken nas\u0131l g\u00fcvenli ve sa\u011fl\u0131kl\u0131 kalabilece\u011finiz konusunda size daha fazla bilgi verebilece\u011finden, aktivitelerinizi ve seyahatlerinizi planlamadan \u00f6nce doktorunuzla ve hem\u015firenizle g\u00f6r\u00fc\u015fmelisiniz.<\/p>\n<p>\u00dc\u00e7 damara eri\u015fim t\u00fcr\u00fc mevcuttur: fist\u00fcl, greft ve hemodiyaliz kateteri. Bunlar\u0131n her birinin kendine \u00f6zel avantajlar\u0131 ve dezavantajlar\u0131 vard\u0131r ve sizin i\u00e7in en g\u00fcvenli, en etkili eri\u015fim se\u00e7ene\u011finin hangisi oldu\u011fu konusunda sa\u011fl\u0131k hizmetleri ekibiyle g\u00f6r\u00fc\u015fmelisiniz. Tipik olarak, fist\u00fcl \u00e7o\u011fu diyaliz merkezinde bak\u0131m standard\u0131 olarak de\u011ferlendirilmektedir.<\/p>\n<p>Alternatif olarak katater ile de evde hemodiyaliz tedavisine ba\u015flayabilirsiniz. Fist\u00fcle eri\u015fim, fist\u00fcl i\u00e7indeki kan damarlar\u0131na iki i\u011fne tak\u0131larak olu\u015fturulmaktad\u0131r. Katatere eri\u015fim kateterin l\u00fcmenlerine ba\u011flanan diyaliz hatlar\u0131 arac\u0131l\u0131\u011f\u0131yla sa\u011flan\u0131r.<\/p>\n<p>Hangi eri\u015fim t\u00fcr\u00fcn\u00fc se\u00e7erseniz se\u00e7in, eri\u015fim kanal\u0131na a\u015f\u0131r\u0131 bas\u0131n\u00e7, mikrop ve enfeksiyonlara kar\u015f\u0131 korunman\u0131z gerekir. Eri\u015fim kanal\u0131na dokunmadan \u00f6nce ellerinizi y\u0131kamay\u0131, \u015fi\u015fme ve tahri\u015f belirtileri \u00f6zelinde s\u00fcrekli kontrol etmeyi unutmay\u0131n. Bu sorunlardan \u015f\u00fcpheleniyorsan\u0131z, derhal hem\u015firenizle temasa ge\u00e7in. Bu, t\u00fcm diyaliz se\u00e7enekleri i\u00e7in ge\u00e7erlidir.<\/p>\n<p><strong>Ev Hemodiyalizinin Faydalar\u0131<\/strong><br \/>\nEv hemodiyalizi, ihtiya\u00e7 halinde profesyonel yard\u0131m i\u00e7in telefon eri\u015fimine sahip olmak, tan\u0131d\u0131k ve g\u00fcvende hissetti\u011finiz bir ortamda diyaliz tedavisi olman\u0131z\u0131n getirdi\u011fi rahatl\u0131k ve \u00f6zg\u00fcrl\u00fc\u011f\u00fcn tad\u0131n\u0131 \u00e7\u0131karma f\u0131rsat\u0131n\u0131 sa\u011flayacakt\u0131r. Tedavilerin evde yap\u0131lmas\u0131 ayr\u0131ca, s\u0131k s\u0131k hastane ziyaretlerinin yap\u0131lmas\u0131n\u0131 \u00f6nleyerek esnekli\u011finizi de art\u0131rabilir.<\/p>\n<p>Sosyal ve mesleki hayat\u0131n\u0131za en uygun program\u0131 se\u00e7erek, tedaviniz \u00fczerinde belli bir kontrole sahip olursunuz. Doktorunuz ve hem\u015fireniz taraf\u0131ndan \u00f6ng\u00f6r\u00fclmesi halinde, merkezde alabilece\u011finizden daha s\u0131k ve daha uzun s\u00fcrelerde diyaliz alabilirsiniz. Size uygun olmas\u0131 halinde, daha uzun ve daha yava\u015f tedavilerin uygulanmas\u0131, g\u00fcnde 24 saat \u00e7al\u0131\u015fan bir b\u00f6bre\u011fi taklit edece\u011finden, v\u00fccudunuz \u00fczerinde daha az y\u0131prat\u0131c\u0131 olacakt\u0131r. Bu olumsuz yan etkileri azaltabilir ve daha iyi ve daha enerjik hissetmenize yard\u0131mc\u0131 olabilir<\/p>\n<p><strong>Neden Ev Hemodiyalizi?<\/strong><br \/>\nAra\u015ft\u0131rmalara g\u00f6re diyaliz s\u00fcresi uzad\u0131k\u00e7a ya\u015fam s\u00fcresi ve kalitesi artmaktad\u0131r.<br \/>\nDiyaliz s\u00fcresi uzad\u0131\u011f\u0131 i\u00e7in \u00fcre, kreatinin, potasyum ve fosfor temizlenmesi iki kata dek artar.<\/p>\n<p>Kans\u0131zl\u0131k, fosfor y\u00fcksekli\u011fi, tansiyon y\u00fcksekli\u011fi, beslenme bozuklu\u011fu d\u00fczelir. Bu sorunlar i\u00e7in ila\u00e7 kullanma ve diyet gereksinimi azal\u0131r.<\/p>\n<p>Daha yava\u015f s\u0131v\u0131 \u00e7ekildi\u011fi i\u00e7in diyaliz s\u0131ras\u0131nda tansiyon d\u00fc\u015fmesi ve kramp hemen hemen hi\u00e7 g\u00f6r\u00fclmez.<\/p>\n<p>Diyaliz sonras\u0131 halsizlik \u015fikayeti ortadan kalkar.<\/p>\n\n\t\t<\/div>\n\t<\/div>\n<\/div><\/div><\/div>","protected":false},"excerpt":{"rendered":"Ev Hemodiyalizi Ev hemodiyalizi bir diyaliz cihaz\u0131 ve diyaliz\u00f6r olarak adland\u0131r\u0131lan sentetik membran kullan\u0131larak kan\u0131n\u0131z\u0131n v\u00fccut d\u0131\u015f\u0131nda filtre edilerek temizlemesini sa\u011flayan tedavi se\u00e7ene\u011fidir. S\u00fcre\u00e7 merkezdeki hemodiyaliz ile tamamen ayn\u0131d\u0131r. Ev hemodiyalizi sizin i\u00e7in do\u011fru tedavi se\u00e7ene\u011fi oldu\u011funda; doktorunuz ve hem\u015fireniz diyaliz cihaz\u0131 ve di\u011fer ekipmanlar\u0131n kurulmas\u0131, damar eri\u015fim yolunun uygun \u015fekilde tak\u0131lmas\u0131 ve ba\u015far\u0131l\u0131 \u015fekilde [...]","protected":false},"author":1,"featured_media":0,"parent":0,"menu_order":0,"comment_status":"closed","ping_status":"closed","template":"","meta":{"footnotes":""},"class_list":["post-544","page","type-page","status-publish","hentry"],"_links":{"self":[{"href":"https:\/\/www.mersindiyaliz.com.tr\/en\/wp-json\/wp\/v2\/pages\/544","targetHints":{"allow":["GET"]}}],"collection":[{"href":"https:\/\/www.mersindiyaliz.com.tr\/en\/wp-json\/wp\/v2\/pages"}],"about":[{"href":"https:\/\/www.mersindiyaliz.com.tr\/en\/wp-json\/wp\/v2\/types\/page"}],"author":[{"embeddable":true,"href":"https:\/\/www.mersindiyaliz.com.tr\/en\/wp-json\/wp\/v2\/users\/1"}],"replies":[{"embeddable":true,"href":"https:\/\/www.mersindiyaliz.com.tr\/en\/wp-json\/wp\/v2\/comments?post=544"}],"version-history":[{"count":1,"href":"https:\/\/www.mersindiyaliz.com.tr\/en\/wp-json\/wp\/v2\/pages\/544\/revisions"}],"predecessor-version":[{"id":547,"href":"https:\/\/www.mersindiyaliz.com.tr\/en\/wp-json\/wp\/v2\/pages\/544\/revisions\/547"}],"wp:attachment":[{"href":"https:\/\/www.mersindiyaliz.com.tr\/en\/wp-json\/wp\/v2\/media?parent=544"}],"curies":[{"name":"wp","href":"https:\/\/api.w.org\/{rel}","templated":true}]}}